{"id":9398,"date":"2022-02-01T17:04:28","date_gmt":"2022-02-01T17:04:28","guid":{"rendered":"http:\/\/ramirez.google-direct.com\/produto\/sweatshirts-ramirez-navy\/"},"modified":"2025-01-25T14:15:16","modified_gmt":"2025-01-25T14:15:16","slug":"sweatshirts-ramirez-navy","status":"publish","type":"product","link":"https:\/\/ramirez.pt\/novo\/produto\/sweatshirts-ramirez-navy\/","title":{"rendered":"Sweatshirts Ramirez Navy"},"content":{"rendered":"","protected":false},"excerpt":{"rendered":"<p>Estar extremamente confort\u00e1vel nunca soube t\u00e3o bem. Ao bem-estar que as nossas conservas proporcionam junte agora o conforto incompar\u00e1vel das sweatshirts Ramirez! Em azul navy, branco ou vermelho, prometem dar vida \u00e0 sua identifica\u00e7\u00e3o com os nossos valores, sobretudo quando os dias recomendam a utiliza\u00e7\u00e3o de pe\u00e7as de roupa de aconchegante felpa cardada e macia. O distinto canelado, nos punhos e na bainha, confere um acabamento premium.<\/p>\n<p><strong>Tamanhos dispon\u00edveis: S, M, L e XL<\/strong><\/p>\n","protected":false},"featured_media":6319,"comment_status":"open","ping_status":"closed","template":"","meta":{"_acf_changed":false,"_mi_skip_tracking":false},"product_cat":[549],"product_tag":[],"class_list":["post-9398","product","type-product","status-publish","has-post-thumbnail","hentry","product_cat-merchandising","pa_tamanho-l","pa_tamanho-m","pa_tamanho-xl","pa_tamanho-s"],"acf":[],"yoast_head":"<!-- This site is optimized with the Yoast SEO Premium plugin v23.3 (Yoast SEO v23.7) - https:\/\/yoast.com\/wordpress\/plugins\/seo\/ -->\n<title>Sweatshirts Ramirez Navy - Ramirez Conservas | A mais antiga f\u00e1brica de conservas<\/title>\n<meta name=\"robots\" content=\"index, follow, max-snippet:-1, max-image-preview:large, max-video-preview:-1\" \/>\n<link rel=\"canonical\" href=\"https:\/\/ramirez.pt\/novo\/produto\/sweatshirts-ramirez-navy\/\" \/>\n<meta property=\"og:locale\" content=\"pt_PT\" \/>\n<meta property=\"og:type\" content=\"article\" \/>\n<meta property=\"og:title\" content=\"Sweatshirts Ramirez Navy\" \/>\n<meta property=\"og:description\" content=\"Estar extremamente confort\u00e1vel nunca soube t\u00e3o bem. Ao bem-estar que as nossas conservas proporcionam junte agora o conforto incompar\u00e1vel das sweatshirts Ramirez! Em azul navy, branco ou vermelho, prometem dar vida \u00e0 sua identifica\u00e7\u00e3o com os nossos valores, sobretudo quando os dias recomendam a utiliza\u00e7\u00e3o de pe\u00e7as de roupa de aconchegante felpa cardada e macia. O distinto canelado, nos punhos e na bainha, confere um acabamento premium.  Tamanhos dispon\u00edveis: S, M, L e XL\" \/>\n<meta property=\"og:url\" content=\"https:\/\/ramirez.pt\/novo\/produto\/sweatshirts-ramirez-navy\/\" \/>\n<meta property=\"og:site_name\" content=\"Ramirez Conservas | A mais antiga f\u00e1brica de conservas\" \/>\n<meta property=\"article:publisher\" content=\"https:\/\/www.facebook.com\/ramirez1853\/\" \/>\n<meta property=\"article:modified_time\" content=\"2025-01-25T14:15:16+00:00\" \/>\n<meta property=\"og:image\" content=\"https:\/\/ramirez.pt\/novo\/wp-content\/uploads\/2023\/01\/Ramirez_Navy-M-1.png\" \/>\n\t<meta property=\"og:image:width\" content=\"1000\" \/>\n\t<meta property=\"og:image:height\" content=\"1000\" \/>\n\t<meta property=\"og:image:type\" content=\"image\/png\" \/>\n<meta name=\"twitter:card\" content=\"summary_large_image\" \/>\n<meta name=\"twitter:label1\" content=\"Disponibilidade\" \/>\n\t<meta name=\"twitter:data1\" content=\"Em stock\" \/>\n<script type=\"application\/ld+json\" class=\"yoast-schema-graph\">{\"@context\":\"https:\/\/schema.org\",\"@graph\":[{\"@type\":\"WebPage\",\"@id\":\"https:\/\/ramirez.pt\/novo\/produto\/sweatshirts-ramirez-navy\/\",\"url\":\"https:\/\/ramirez.pt\/novo\/produto\/sweatshirts-ramirez-navy\/\",\"name\":\"Sweatshirts Ramirez Navy - Ramirez Conservas | A mais antiga f\u00e1brica de conservas\",\"isPartOf\":{\"@id\":\"https:\/\/ramirez.pt\/novo\/#website\"},\"primaryImageOfPage\":{\"@id\":\"https:\/\/ramirez.pt\/novo\/produto\/sweatshirts-ramirez-navy\/#primaryimage\"},\"image\":{\"@id\":\"https:\/\/ramirez.pt\/novo\/produto\/sweatshirts-ramirez-navy\/#primaryimage\"},\"thumbnailUrl\":\"https:\/\/ramirez.pt\/novo\/wp-content\/uploads\/2023\/01\/Ramirez_Navy-M-1.png\",\"datePublished\":\"2022-02-01T17:04:28+00:00\",\"dateModified\":\"2025-01-25T14:15:16+00:00\",\"breadcrumb\":{\"@id\":\"https:\/\/ramirez.pt\/novo\/produto\/sweatshirts-ramirez-navy\/#breadcrumb\"},\"inLanguage\":\"pt-PT\",\"potentialAction\":[{\"@type\":\"ReadAction\",\"target\":[\"https:\/\/ramirez.pt\/novo\/produto\/sweatshirts-ramirez-navy\/\"]}]},{\"@type\":\"ImageObject\",\"inLanguage\":\"pt-PT\",\"@id\":\"https:\/\/ramirez.pt\/novo\/produto\/sweatshirts-ramirez-navy\/#primaryimage\",\"url\":\"https:\/\/ramirez.pt\/novo\/wp-content\/uploads\/2023\/01\/Ramirez_Navy-M-1.png\",\"contentUrl\":\"https:\/\/ramirez.pt\/novo\/wp-content\/uploads\/2023\/01\/Ramirez_Navy-M-1.png\",\"width\":1000,\"height\":1000},{\"@type\":\"BreadcrumbList\",\"@id\":\"https:\/\/ramirez.pt\/novo\/produto\/sweatshirts-ramirez-navy\/#breadcrumb\",\"itemListElement\":[{\"@type\":\"ListItem\",\"position\":1,\"name\":\"In\u00edcio\",\"item\":\"https:\/\/ramirez.pt\/novo\/\"},{\"@type\":\"ListItem\",\"position\":2,\"name\":\"Loja Online\",\"item\":\"https:\/\/ramirez.pt\/novo\/loja-online\/\"},{\"@type\":\"ListItem\",\"position\":3,\"name\":\"Sweatshirts Ramirez Navy\"}]},{\"@type\":\"WebSite\",\"@id\":\"https:\/\/ramirez.pt\/novo\/#website\",\"url\":\"https:\/\/ramirez.pt\/novo\/\",\"name\":\"Ramirez Conservas | A mais antiga f\u00e1brica de conservas\",\"description\":\"A mais antiga f\u00e1brica de conservas\",\"publisher\":{\"@id\":\"https:\/\/ramirez.pt\/novo\/#organization\"},\"potentialAction\":[{\"@type\":\"SearchAction\",\"target\":{\"@type\":\"EntryPoint\",\"urlTemplate\":\"https:\/\/ramirez.pt\/novo\/?s={search_term_string}\"},\"query-input\":{\"@type\":\"PropertyValueSpecification\",\"valueRequired\":true,\"valueName\":\"search_term_string\"}}],\"inLanguage\":\"pt-PT\"},{\"@type\":\"Organization\",\"@id\":\"https:\/\/ramirez.pt\/novo\/#organization\",\"name\":\"Ramirez Conservas | A mais antiga f\u00e1brica de conservas\",\"url\":\"https:\/\/ramirez.pt\/novo\/\",\"logo\":{\"@type\":\"ImageObject\",\"inLanguage\":\"pt-PT\",\"@id\":\"https:\/\/ramirez.pt\/novo\/#\/schema\/logo\/image\/\",\"url\":\"https:\/\/ramirez.pt\/wp-content\/uploads\/2023\/06\/Logo-Ramirez-Geral-1.jpg\",\"contentUrl\":\"https:\/\/ramirez.pt\/wp-content\/uploads\/2023\/06\/Logo-Ramirez-Geral-1.jpg\",\"width\":250,\"height\":254,\"caption\":\"Ramirez Conservas | A mais antiga f\u00e1brica de conservas\"},\"image\":{\"@id\":\"https:\/\/ramirez.pt\/novo\/#\/schema\/logo\/image\/\"},\"sameAs\":[\"https:\/\/www.facebook.com\/ramirez1853\/\",\"https:\/\/www.instagram.com\/conservasramirez\/?hl=pt\",\"https:\/\/www.linkedin.com\/company\/ramirez-healthy-eating\/\"]}]}<\/script>\n<meta property=\"og:availability\" content=\"instock\" \/>\n<meta property=\"product:availability\" content=\"instock\" \/>\n<meta property=\"product:condition\" content=\"new\" \/>\n<!-- \/ Yoast SEO Premium plugin. -->","yoast_head_json":{"title":"Sweatshirts Ramirez Navy - Ramirez Conservas | A mais antiga f\u00e1brica de conservas","robots":{"index":"index","follow":"follow","max-snippet":"max-snippet:-1","max-image-preview":"max-image-preview:large","max-video-preview":"max-video-preview:-1"},"canonical":"https:\/\/ramirez.pt\/novo\/produto\/sweatshirts-ramirez-navy\/","og_locale":"pt_PT","og_type":"article","og_title":"Sweatshirts Ramirez Navy","og_description":"Estar extremamente confort\u00e1vel nunca soube t\u00e3o bem. Ao bem-estar que as nossas conservas proporcionam junte agora o conforto incompar\u00e1vel das sweatshirts Ramirez! Em azul navy, branco ou vermelho, prometem dar vida \u00e0 sua identifica\u00e7\u00e3o com os nossos valores, sobretudo quando os dias recomendam a utiliza\u00e7\u00e3o de pe\u00e7as de roupa de aconchegante felpa cardada e macia. O distinto canelado, nos punhos e na bainha, confere um acabamento premium.  Tamanhos dispon\u00edveis: S, M, L e XL","og_url":"https:\/\/ramirez.pt\/novo\/produto\/sweatshirts-ramirez-navy\/","og_site_name":"Ramirez Conservas | A mais antiga f\u00e1brica de conservas","article_publisher":"https:\/\/www.facebook.com\/ramirez1853\/","article_modified_time":"2025-01-25T14:15:16+00:00","og_image":[{"width":1000,"height":1000,"url":"https:\/\/ramirez.pt\/novo\/wp-content\/uploads\/2023\/01\/Ramirez_Navy-M-1.png","type":"image\/png"}],"twitter_card":"summary_large_image","twitter_misc":{"Disponibilidade":"Em stock"},"schema":{"@context":"https:\/\/schema.org","@graph":[{"@type":"WebPage","@id":"https:\/\/ramirez.pt\/novo\/produto\/sweatshirts-ramirez-navy\/","url":"https:\/\/ramirez.pt\/novo\/produto\/sweatshirts-ramirez-navy\/","name":"Sweatshirts Ramirez Navy - Ramirez Conservas | A mais antiga f\u00e1brica de conservas","isPartOf":{"@id":"https:\/\/ramirez.pt\/novo\/#website"},"primaryImageOfPage":{"@id":"https:\/\/ramirez.pt\/novo\/produto\/sweatshirts-ramirez-navy\/#primaryimage"},"image":{"@id":"https:\/\/ramirez.pt\/novo\/produto\/sweatshirts-ramirez-navy\/#primaryimage"},"thumbnailUrl":"https:\/\/ramirez.pt\/novo\/wp-content\/uploads\/2023\/01\/Ramirez_Navy-M-1.png","datePublished":"2022-02-01T17:04:28+00:00","dateModified":"2025-01-25T14:15:16+00:00","breadcrumb":{"@id":"https:\/\/ramirez.pt\/novo\/produto\/sweatshirts-ramirez-navy\/#breadcrumb"},"inLanguage":"pt-PT","potentialAction":[{"@type":"ReadAction","target":["https:\/\/ramirez.pt\/novo\/produto\/sweatshirts-ramirez-navy\/"]}]},{"@type":"ImageObject","inLanguage":"pt-PT","@id":"https:\/\/ramirez.pt\/novo\/produto\/sweatshirts-ramirez-navy\/#primaryimage","url":"https:\/\/ramirez.pt\/novo\/wp-content\/uploads\/2023\/01\/Ramirez_Navy-M-1.png","contentUrl":"https:\/\/ramirez.pt\/novo\/wp-content\/uploads\/2023\/01\/Ramirez_Navy-M-1.png","width":1000,"height":1000},{"@type":"BreadcrumbList","@id":"https:\/\/ramirez.pt\/novo\/produto\/sweatshirts-ramirez-navy\/#breadcrumb","itemListElement":[{"@type":"ListItem","position":1,"name":"In\u00edcio","item":"https:\/\/ramirez.pt\/novo\/"},{"@type":"ListItem","position":2,"name":"Loja Online","item":"https:\/\/ramirez.pt\/novo\/loja-online\/"},{"@type":"ListItem","position":3,"name":"Sweatshirts Ramirez Navy"}]},{"@type":"WebSite","@id":"https:\/\/ramirez.pt\/novo\/#website","url":"https:\/\/ramirez.pt\/novo\/","name":"Ramirez Conservas | A mais antiga f\u00e1brica de conservas","description":"A mais antiga f\u00e1brica de conservas","publisher":{"@id":"https:\/\/ramirez.pt\/novo\/#organization"},"potentialAction":[{"@type":"SearchAction","target":{"@type":"EntryPoint","urlTemplate":"https:\/\/ramirez.pt\/novo\/?s={search_term_string}"},"query-input":{"@type":"PropertyValueSpecification","valueRequired":true,"valueName":"search_term_string"}}],"inLanguage":"pt-PT"},{"@type":"Organization","@id":"https:\/\/ramirez.pt\/novo\/#organization","name":"Ramirez Conservas | A mais antiga f\u00e1brica de conservas","url":"https:\/\/ramirez.pt\/novo\/","logo":{"@type":"ImageObject","inLanguage":"pt-PT","@id":"https:\/\/ramirez.pt\/novo\/#\/schema\/logo\/image\/","url":"https:\/\/ramirez.pt\/wp-content\/uploads\/2023\/06\/Logo-Ramirez-Geral-1.jpg","contentUrl":"https:\/\/ramirez.pt\/wp-content\/uploads\/2023\/06\/Logo-Ramirez-Geral-1.jpg","width":250,"height":254,"caption":"Ramirez Conservas | A mais antiga f\u00e1brica de conservas"},"image":{"@id":"https:\/\/ramirez.pt\/novo\/#\/schema\/logo\/image\/"},"sameAs":["https:\/\/www.facebook.com\/ramirez1853\/","https:\/\/www.instagram.com\/conservasramirez\/?hl=pt","https:\/\/www.linkedin.com\/company\/ramirez-healthy-eating\/"]}]},"og_availability":"instock","product_availability":"instock","product_condition":"new"},"_links":{"self":[{"href":"https:\/\/ramirez.pt\/novo\/wp-json\/wp\/v2\/product\/9398","targetHints":{"allow":["GET"]}}],"collection":[{"href":"https:\/\/ramirez.pt\/novo\/wp-json\/wp\/v2\/product"}],"about":[{"href":"https:\/\/ramirez.pt\/novo\/wp-json\/wp\/v2\/types\/product"}],"replies":[{"embeddable":true,"href":"https:\/\/ramirez.pt\/novo\/wp-json\/wp\/v2\/comments?post=9398"}],"wp:featuredmedia":[{"embeddable":true,"href":"https:\/\/ramirez.pt\/novo\/wp-json\/wp\/v2\/media\/6319"}],"wp:attachment":[{"href":"https:\/\/ramirez.pt\/novo\/wp-json\/wp\/v2\/media?parent=9398"}],"wp:term":[{"taxonomy":"product_cat","embeddable":true,"href":"https:\/\/ramirez.pt\/novo\/wp-json\/wp\/v2\/product_cat?post=9398"},{"taxonomy":"product_tag","embeddable":true,"href":"https:\/\/ramirez.pt\/novo\/wp-json\/wp\/v2\/product_tag?post=9398"}],"curies":[{"name":"wp","href":"https:\/\/api.w.org\/{rel}","templated":true}]}}