{"id":9351,"date":"2020-07-20T20:32:00","date_gmt":"2020-07-20T20:32:00","guid":{"rendered":"http:\/\/ramirez.google-direct.com\/produto\/caixa-presente-cocagne-madeira-5-latas\/"},"modified":"2024-10-01T17:42:08","modified_gmt":"2024-10-01T17:42:08","slug":"caixa-presente-cocagne-madeira-5-latas","status":"publish","type":"product","link":"https:\/\/ramirez.pt\/novo\/produto\/caixa-presente-cocagne-madeira-5-latas\/","title":{"rendered":"Caixa em madeira &#8211; Cocagne  \u2013 para 5 latas"},"content":{"rendered":"<p><strong>Caixa-presente e pack \u00e0 medida<\/strong><\/p>\n<p><strong>A melhor oferta \u201c2 em 1\u201d Ramirez<\/strong><\/p>\n<p>Quer surpreender o seu amigo, a sua cara-metade ou mesmo um familiar? Ofere\u00e7a-lhe o irresist\u00edvel sabor do mar em conserva. Para isso, nada melhor do que um pack Ramirez escolhido por si! Agora, tem a oportunidade de adquirir online as caixas-presente* das nossas marcas \u2013 La Rose, Berthe, Cocagne e The Queen of the Coast \u2013 e construir os seus pr\u00f3prios packs. Ser\u00e1 dif\u00edcil resistir a esta dupla surpresa: uma embalagem <em>premium<\/em>, em madeira, que enobrece o seu presente; e latas que seleciona \u00e0 medida do gosto do presenteado.<\/p>\n<p>* As caixas-presente podem ser vendidas vazias e \u00e0 unidade, se deseja personalizar a sua sele\u00e7\u00e3o de conservas. A aquisi\u00e7\u00e3o de conservas requer sempre a compra m\u00ednima de 5 unidades do mesmo produto.<\/p>\n<p>&nbsp;<\/p>\n","protected":false},"excerpt":{"rendered":"<p>Esta \u00e9 uma caixa que reflecte o esp\u00edrito e o <em>glamour<\/em> distintos da marca Cocagne. Apropriada para 5 latas, a caixa \u00e9, por si s\u00f3, um presente, ideal para uma surpresa memor\u00e1vel. Fecha com tampa em acr\u00edlico.<\/p>\n","protected":false},"featured_media":6223,"comment_status":"open","ping_status":"closed","template":"","meta":{"_acf_changed":false,"_mi_skip_tracking":false},"product_cat":[15,547],"product_tag":[],"class_list":["post-9351","product","type-product","status-publish","has-post-thumbnail","hentry","product_cat-oportunidades","product_cat-caixa-presente","pa_marcas-cocagne"],"acf":[],"yoast_head":"<!-- This site is optimized with the Yoast SEO Premium plugin v23.3 (Yoast SEO v23.7) - https:\/\/yoast.com\/wordpress\/plugins\/seo\/ -->\n<title>Caixa em madeira - Cocagne \u2013 para 5 latas - Ramirez Conservas | A mais antiga f\u00e1brica de conservas<\/title>\n<meta name=\"robots\" content=\"index, follow, max-snippet:-1, max-image-preview:large, max-video-preview:-1\" \/>\n<link rel=\"canonical\" href=\"https:\/\/ramirez.pt\/novo\/produto\/caixa-presente-cocagne-madeira-5-latas\/\" \/>\n<meta property=\"og:locale\" content=\"pt_PT\" \/>\n<meta property=\"og:type\" content=\"article\" \/>\n<meta property=\"og:title\" content=\"Caixa em madeira - Cocagne \u2013 para 5 latas\" \/>\n<meta property=\"og:description\" content=\"Esta \u00e9 uma caixa que reflecte o esp\u00edrito e o glamour distintos da marca Cocagne. Apropriada para 5 latas, a caixa \u00e9, por si s\u00f3, um presente, ideal para uma surpresa memor\u00e1vel. Fecha com tampa em acr\u00edlico.\" \/>\n<meta property=\"og:url\" content=\"https:\/\/ramirez.pt\/novo\/produto\/caixa-presente-cocagne-madeira-5-latas\/\" \/>\n<meta property=\"og:site_name\" content=\"Ramirez Conservas | A mais antiga f\u00e1brica de conservas\" \/>\n<meta property=\"article:publisher\" content=\"https:\/\/www.facebook.com\/ramirez1853\/\" \/>\n<meta property=\"article:modified_time\" content=\"2024-10-01T17:42:08+00:00\" \/>\n<meta property=\"og:image\" content=\"https:\/\/ramirez.pt\/novo\/wp-content\/uploads\/2023\/01\/cocagne-1.png\" \/>\n\t<meta property=\"og:image:width\" content=\"500\" \/>\n\t<meta property=\"og:image:height\" content=\"459\" \/>\n\t<meta property=\"og:image:type\" content=\"image\/png\" \/>\n<meta name=\"twitter:card\" content=\"summary_large_image\" \/>\n<meta name=\"twitter:label1\" content=\"pre\u00e7o\" \/>\n\t<meta name=\"twitter:data1\" content=\"9,94&nbsp;&euro;\" \/>\n\t<meta name=\"twitter:label2\" content=\"Disponibilidade\" \/>\n\t<meta name=\"twitter:data2\" content=\"Em stock\" \/>\n<script type=\"application\/ld+json\" class=\"yoast-schema-graph\">{\"@context\":\"https:\/\/schema.org\",\"@graph\":[{\"@type\":\"WebPage\",\"@id\":\"https:\/\/ramirez.pt\/novo\/produto\/caixa-presente-cocagne-madeira-5-latas\/\",\"url\":\"https:\/\/ramirez.pt\/novo\/produto\/caixa-presente-cocagne-madeira-5-latas\/\",\"name\":\"Caixa em madeira - Cocagne \u2013 para 5 latas - Ramirez Conservas | A mais antiga f\u00e1brica de conservas\",\"isPartOf\":{\"@id\":\"https:\/\/ramirez.pt\/novo\/#website\"},\"primaryImageOfPage\":{\"@id\":\"https:\/\/ramirez.pt\/novo\/produto\/caixa-presente-cocagne-madeira-5-latas\/#primaryimage\"},\"image\":{\"@id\":\"https:\/\/ramirez.pt\/novo\/produto\/caixa-presente-cocagne-madeira-5-latas\/#primaryimage\"},\"thumbnailUrl\":\"https:\/\/ramirez.pt\/novo\/wp-content\/uploads\/2023\/01\/cocagne-1.png\",\"datePublished\":\"2020-07-20T20:32:00+00:00\",\"dateModified\":\"2024-10-01T17:42:08+00:00\",\"breadcrumb\":{\"@id\":\"https:\/\/ramirez.pt\/novo\/produto\/caixa-presente-cocagne-madeira-5-latas\/#breadcrumb\"},\"inLanguage\":\"pt-PT\",\"potentialAction\":[{\"@type\":\"ReadAction\",\"target\":[\"https:\/\/ramirez.pt\/novo\/produto\/caixa-presente-cocagne-madeira-5-latas\/\"]}]},{\"@type\":\"ImageObject\",\"inLanguage\":\"pt-PT\",\"@id\":\"https:\/\/ramirez.pt\/novo\/produto\/caixa-presente-cocagne-madeira-5-latas\/#primaryimage\",\"url\":\"https:\/\/ramirez.pt\/novo\/wp-content\/uploads\/2023\/01\/cocagne-1.png\",\"contentUrl\":\"https:\/\/ramirez.pt\/novo\/wp-content\/uploads\/2023\/01\/cocagne-1.png\",\"width\":500,\"height\":459},{\"@type\":\"BreadcrumbList\",\"@id\":\"https:\/\/ramirez.pt\/novo\/produto\/caixa-presente-cocagne-madeira-5-latas\/#breadcrumb\",\"itemListElement\":[{\"@type\":\"ListItem\",\"position\":1,\"name\":\"In\u00edcio\",\"item\":\"https:\/\/ramirez.pt\/novo\/\"},{\"@type\":\"ListItem\",\"position\":2,\"name\":\"Loja Online\",\"item\":\"https:\/\/ramirez.pt\/novo\/loja-online\/\"},{\"@type\":\"ListItem\",\"position\":3,\"name\":\"Caixa em madeira &#8211; Cocagne \u2013 para 5 latas\"}]},{\"@type\":\"WebSite\",\"@id\":\"https:\/\/ramirez.pt\/novo\/#website\",\"url\":\"https:\/\/ramirez.pt\/novo\/\",\"name\":\"Ramirez Conservas | A mais antiga f\u00e1brica de conservas\",\"description\":\"A mais antiga f\u00e1brica de conservas\",\"publisher\":{\"@id\":\"https:\/\/ramirez.pt\/novo\/#organization\"},\"potentialAction\":[{\"@type\":\"SearchAction\",\"target\":{\"@type\":\"EntryPoint\",\"urlTemplate\":\"https:\/\/ramirez.pt\/novo\/?s={search_term_string}\"},\"query-input\":{\"@type\":\"PropertyValueSpecification\",\"valueRequired\":true,\"valueName\":\"search_term_string\"}}],\"inLanguage\":\"pt-PT\"},{\"@type\":\"Organization\",\"@id\":\"https:\/\/ramirez.pt\/novo\/#organization\",\"name\":\"Ramirez Conservas | A mais antiga f\u00e1brica de conservas\",\"url\":\"https:\/\/ramirez.pt\/novo\/\",\"logo\":{\"@type\":\"ImageObject\",\"inLanguage\":\"pt-PT\",\"@id\":\"https:\/\/ramirez.pt\/novo\/#\/schema\/logo\/image\/\",\"url\":\"https:\/\/ramirez.pt\/wp-content\/uploads\/2023\/06\/Logo-Ramirez-Geral-1.jpg\",\"contentUrl\":\"https:\/\/ramirez.pt\/wp-content\/uploads\/2023\/06\/Logo-Ramirez-Geral-1.jpg\",\"width\":250,\"height\":254,\"caption\":\"Ramirez Conservas | A mais antiga f\u00e1brica de conservas\"},\"image\":{\"@id\":\"https:\/\/ramirez.pt\/novo\/#\/schema\/logo\/image\/\"},\"sameAs\":[\"https:\/\/www.facebook.com\/ramirez1853\/\",\"https:\/\/www.instagram.com\/conservasramirez\/?hl=pt\",\"https:\/\/www.linkedin.com\/company\/ramirez-healthy-eating\/\"]}]}<\/script>\n<meta property=\"product:price:amount\" content=\"9.94\" \/>\n<meta property=\"product:price:currency\" content=\"EUR\" \/>\n<meta property=\"og:availability\" content=\"instock\" \/>\n<meta property=\"product:availability\" content=\"instock\" \/>\n<meta property=\"product:retailer_item_id\" content=\"C6COC010205\" \/>\n<meta property=\"product:condition\" content=\"new\" \/>\n<!-- \/ Yoast SEO Premium plugin. -->","yoast_head_json":{"title":"Caixa em madeira - Cocagne \u2013 para 5 latas - Ramirez Conservas | A mais antiga f\u00e1brica de conservas","robots":{"index":"index","follow":"follow","max-snippet":"max-snippet:-1","max-image-preview":"max-image-preview:large","max-video-preview":"max-video-preview:-1"},"canonical":"https:\/\/ramirez.pt\/novo\/produto\/caixa-presente-cocagne-madeira-5-latas\/","og_locale":"pt_PT","og_type":"article","og_title":"Caixa em madeira - Cocagne \u2013 para 5 latas","og_description":"Esta \u00e9 uma caixa que reflecte o esp\u00edrito e o glamour distintos da marca Cocagne. Apropriada para 5 latas, a caixa \u00e9, por si s\u00f3, um presente, ideal para uma surpresa memor\u00e1vel. Fecha com tampa em acr\u00edlico.","og_url":"https:\/\/ramirez.pt\/novo\/produto\/caixa-presente-cocagne-madeira-5-latas\/","og_site_name":"Ramirez Conservas | A mais antiga f\u00e1brica de conservas","article_publisher":"https:\/\/www.facebook.com\/ramirez1853\/","article_modified_time":"2024-10-01T17:42:08+00:00","og_image":[{"width":500,"height":459,"url":"https:\/\/ramirez.pt\/novo\/wp-content\/uploads\/2023\/01\/cocagne-1.png","type":"image\/png"}],"twitter_card":"summary_large_image","twitter_misc":{"pre\u00e7o":"9,94&nbsp;&euro;","Disponibilidade":"Em stock"},"schema":{"@context":"https:\/\/schema.org","@graph":[{"@type":"WebPage","@id":"https:\/\/ramirez.pt\/novo\/produto\/caixa-presente-cocagne-madeira-5-latas\/","url":"https:\/\/ramirez.pt\/novo\/produto\/caixa-presente-cocagne-madeira-5-latas\/","name":"Caixa em madeira - Cocagne \u2013 para 5 latas - Ramirez Conservas | A mais antiga f\u00e1brica de conservas","isPartOf":{"@id":"https:\/\/ramirez.pt\/novo\/#website"},"primaryImageOfPage":{"@id":"https:\/\/ramirez.pt\/novo\/produto\/caixa-presente-cocagne-madeira-5-latas\/#primaryimage"},"image":{"@id":"https:\/\/ramirez.pt\/novo\/produto\/caixa-presente-cocagne-madeira-5-latas\/#primaryimage"},"thumbnailUrl":"https:\/\/ramirez.pt\/novo\/wp-content\/uploads\/2023\/01\/cocagne-1.png","datePublished":"2020-07-20T20:32:00+00:00","dateModified":"2024-10-01T17:42:08+00:00","breadcrumb":{"@id":"https:\/\/ramirez.pt\/novo\/produto\/caixa-presente-cocagne-madeira-5-latas\/#breadcrumb"},"inLanguage":"pt-PT","potentialAction":[{"@type":"ReadAction","target":["https:\/\/ramirez.pt\/novo\/produto\/caixa-presente-cocagne-madeira-5-latas\/"]}]},{"@type":"ImageObject","inLanguage":"pt-PT","@id":"https:\/\/ramirez.pt\/novo\/produto\/caixa-presente-cocagne-madeira-5-latas\/#primaryimage","url":"https:\/\/ramirez.pt\/novo\/wp-content\/uploads\/2023\/01\/cocagne-1.png","contentUrl":"https:\/\/ramirez.pt\/novo\/wp-content\/uploads\/2023\/01\/cocagne-1.png","width":500,"height":459},{"@type":"BreadcrumbList","@id":"https:\/\/ramirez.pt\/novo\/produto\/caixa-presente-cocagne-madeira-5-latas\/#breadcrumb","itemListElement":[{"@type":"ListItem","position":1,"name":"In\u00edcio","item":"https:\/\/ramirez.pt\/novo\/"},{"@type":"ListItem","position":2,"name":"Loja Online","item":"https:\/\/ramirez.pt\/novo\/loja-online\/"},{"@type":"ListItem","position":3,"name":"Caixa em madeira &#8211; Cocagne \u2013 para 5 latas"}]},{"@type":"WebSite","@id":"https:\/\/ramirez.pt\/novo\/#website","url":"https:\/\/ramirez.pt\/novo\/","name":"Ramirez Conservas | A mais antiga f\u00e1brica de conservas","description":"A mais antiga f\u00e1brica de conservas","publisher":{"@id":"https:\/\/ramirez.pt\/novo\/#organization"},"potentialAction":[{"@type":"SearchAction","target":{"@type":"EntryPoint","urlTemplate":"https:\/\/ramirez.pt\/novo\/?s={search_term_string}"},"query-input":{"@type":"PropertyValueSpecification","valueRequired":true,"valueName":"search_term_string"}}],"inLanguage":"pt-PT"},{"@type":"Organization","@id":"https:\/\/ramirez.pt\/novo\/#organization","name":"Ramirez Conservas | A mais antiga f\u00e1brica de conservas","url":"https:\/\/ramirez.pt\/novo\/","logo":{"@type":"ImageObject","inLanguage":"pt-PT","@id":"https:\/\/ramirez.pt\/novo\/#\/schema\/logo\/image\/","url":"https:\/\/ramirez.pt\/wp-content\/uploads\/2023\/06\/Logo-Ramirez-Geral-1.jpg","contentUrl":"https:\/\/ramirez.pt\/wp-content\/uploads\/2023\/06\/Logo-Ramirez-Geral-1.jpg","width":250,"height":254,"caption":"Ramirez Conservas | A mais antiga f\u00e1brica de conservas"},"image":{"@id":"https:\/\/ramirez.pt\/novo\/#\/schema\/logo\/image\/"},"sameAs":["https:\/\/www.facebook.com\/ramirez1853\/","https:\/\/www.instagram.com\/conservasramirez\/?hl=pt","https:\/\/www.linkedin.com\/company\/ramirez-healthy-eating\/"]}]},"product_price_amount":"9.94","product_price_currency":"EUR","og_availability":"instock","product_availability":"instock","product_retailer_item_id":"C6COC010205","product_condition":"new"},"_links":{"self":[{"href":"https:\/\/ramirez.pt\/novo\/wp-json\/wp\/v2\/product\/9351","targetHints":{"allow":["GET"]}}],"collection":[{"href":"https:\/\/ramirez.pt\/novo\/wp-json\/wp\/v2\/product"}],"about":[{"href":"https:\/\/ramirez.pt\/novo\/wp-json\/wp\/v2\/types\/product"}],"replies":[{"embeddable":true,"href":"https:\/\/ramirez.pt\/novo\/wp-json\/wp\/v2\/comments?post=9351"}],"wp:featuredmedia":[{"embeddable":true,"href":"https:\/\/ramirez.pt\/novo\/wp-json\/wp\/v2\/media\/6223"}],"wp:attachment":[{"href":"https:\/\/ramirez.pt\/novo\/wp-json\/wp\/v2\/media?parent=9351"}],"wp:term":[{"taxonomy":"product_cat","embeddable":true,"href":"https:\/\/ramirez.pt\/novo\/wp-json\/wp\/v2\/product_cat?post=9351"},{"taxonomy":"product_tag","embeddable":true,"href":"https:\/\/ramirez.pt\/novo\/wp-json\/wp\/v2\/product_tag?post=9351"}],"curies":[{"name":"wp","href":"https:\/\/api.w.org\/{rel}","templated":true}]}}