{"id":9291,"date":"2018-11-09T17:58:13","date_gmt":"2018-11-09T17:58:13","guid":{"rendered":"http:\/\/ramirez.google-direct.com\/produto\/filetes-de-anchovas-em-oleo-vegetal-3\/"},"modified":"2025-09-04T16:48:33","modified_gmt":"2025-09-04T16:48:33","slug":"filetes-de-anchovas-em-oleo-vegetal-3","status":"publish","type":"product","link":"https:\/\/ramirez.pt\/novo\/produto\/filetes-de-anchovas-em-oleo-vegetal-3\/","title":{"rendered":"Filetes de Anchovas em \u00d3leo Vegetal"},"content":{"rendered":"","protected":false},"excerpt":{"rendered":"<p>Para os apreciadores de anchovas, a Ramirez apresenta uma semi-conserva de filetes de anchova em \u00f3leo vegetal. Tal como a sardinha, tamb\u00e9m a anchova \u00e9 fonte de \u00e1cidos gordos \u00f3mega 3, induzindo in\u00fameros benef\u00edcios como a prote\u00e7\u00e3o cardiovascular.<\/p>\n","protected":false},"featured_media":21652,"comment_status":"open","ping_status":"closed","template":"","meta":{"_acf_changed":false,"_mi_skip_tracking":false},"product_cat":[539],"product_tag":[],"class_list":["post-9291","product","type-product","status-publish","has-post-thumbnail","hentry","product_cat-especialidades","pa_marcas-ramirez"],"acf":[],"yoast_head":"<!-- This site is optimized with the Yoast SEO Premium plugin v23.3 (Yoast SEO v23.7) - https:\/\/yoast.com\/wordpress\/plugins\/seo\/ -->\n<title>Filetes de Anchovas em \u00d3leo Vegetal - Ramirez Conservas | A mais antiga f\u00e1brica de conservas<\/title>\n<meta name=\"robots\" content=\"index, follow, max-snippet:-1, max-image-preview:large, max-video-preview:-1\" \/>\n<link rel=\"canonical\" href=\"https:\/\/ramirez.pt\/novo\/produto\/filetes-de-anchovas-em-oleo-vegetal-3\/\" \/>\n<meta property=\"og:locale\" content=\"pt_PT\" \/>\n<meta property=\"og:type\" content=\"article\" \/>\n<meta property=\"og:title\" content=\"Filetes de Anchovas em \u00d3leo Vegetal\" \/>\n<meta property=\"og:description\" content=\"Para os apreciadores de anchovas, a Ramirez apresenta uma semi-conserva de filetes de anchova em \u00f3leo vegetal. Tal como a sardinha, tamb\u00e9m a anchova \u00e9 fonte de \u00e1cidos gordos \u00f3mega 3, induzindo in\u00fameros benef\u00edcios como a prote\u00e7\u00e3o cardiovascular.\" \/>\n<meta property=\"og:url\" content=\"https:\/\/ramirez.pt\/novo\/produto\/filetes-de-anchovas-em-oleo-vegetal-3\/\" \/>\n<meta property=\"og:site_name\" content=\"Ramirez Conservas | A mais antiga f\u00e1brica de conservas\" \/>\n<meta property=\"article:publisher\" content=\"https:\/\/www.facebook.com\/ramirez1853\/\" \/>\n<meta property=\"article:modified_time\" content=\"2025-09-04T16:48:33+00:00\" \/>\n<meta property=\"og:image\" content=\"https:\/\/ramirez.pt\/novo\/wp-content\/uploads\/2018\/11\/ramirez-filetes-de-anchovas-oleo-vegetal.jpg\" \/>\n\t<meta property=\"og:image:width\" content=\"800\" \/>\n\t<meta property=\"og:image:height\" content=\"800\" \/>\n\t<meta property=\"og:image:type\" content=\"image\/jpeg\" \/>\n<meta name=\"twitter:card\" content=\"summary_large_image\" \/>\n<meta name=\"twitter:label1\" content=\"pre\u00e7o\" \/>\n\t<meta name=\"twitter:data1\" content=\"8,01&nbsp;&euro;\" \/>\n\t<meta name=\"twitter:label2\" content=\"Disponibilidade\" \/>\n\t<meta name=\"twitter:data2\" content=\"Em stock\" \/>\n<script type=\"application\/ld+json\" class=\"yoast-schema-graph\">{\"@context\":\"https:\/\/schema.org\",\"@graph\":[{\"@type\":\"WebPage\",\"@id\":\"https:\/\/ramirez.pt\/novo\/produto\/filetes-de-anchovas-em-oleo-vegetal-3\/\",\"url\":\"https:\/\/ramirez.pt\/novo\/produto\/filetes-de-anchovas-em-oleo-vegetal-3\/\",\"name\":\"Filetes de Anchovas em \u00d3leo Vegetal - Ramirez Conservas | A mais antiga f\u00e1brica de conservas\",\"isPartOf\":{\"@id\":\"https:\/\/ramirez.pt\/novo\/#website\"},\"primaryImageOfPage\":{\"@id\":\"https:\/\/ramirez.pt\/novo\/produto\/filetes-de-anchovas-em-oleo-vegetal-3\/#primaryimage\"},\"image\":{\"@id\":\"https:\/\/ramirez.pt\/novo\/produto\/filetes-de-anchovas-em-oleo-vegetal-3\/#primaryimage\"},\"thumbnailUrl\":\"https:\/\/ramirez.pt\/novo\/wp-content\/uploads\/2018\/11\/ramirez-filetes-de-anchovas-oleo-vegetal.jpg\",\"datePublished\":\"2018-11-09T17:58:13+00:00\",\"dateModified\":\"2025-09-04T16:48:33+00:00\",\"breadcrumb\":{\"@id\":\"https:\/\/ramirez.pt\/novo\/produto\/filetes-de-anchovas-em-oleo-vegetal-3\/#breadcrumb\"},\"inLanguage\":\"pt-PT\",\"potentialAction\":[{\"@type\":\"ReadAction\",\"target\":[\"https:\/\/ramirez.pt\/novo\/produto\/filetes-de-anchovas-em-oleo-vegetal-3\/\"]}]},{\"@type\":\"ImageObject\",\"inLanguage\":\"pt-PT\",\"@id\":\"https:\/\/ramirez.pt\/novo\/produto\/filetes-de-anchovas-em-oleo-vegetal-3\/#primaryimage\",\"url\":\"https:\/\/ramirez.pt\/novo\/wp-content\/uploads\/2018\/11\/ramirez-filetes-de-anchovas-oleo-vegetal.jpg\",\"contentUrl\":\"https:\/\/ramirez.pt\/novo\/wp-content\/uploads\/2018\/11\/ramirez-filetes-de-anchovas-oleo-vegetal.jpg\",\"width\":800,\"height\":800},{\"@type\":\"BreadcrumbList\",\"@id\":\"https:\/\/ramirez.pt\/novo\/produto\/filetes-de-anchovas-em-oleo-vegetal-3\/#breadcrumb\",\"itemListElement\":[{\"@type\":\"ListItem\",\"position\":1,\"name\":\"In\u00edcio\",\"item\":\"https:\/\/ramirez.pt\/novo\/\"},{\"@type\":\"ListItem\",\"position\":2,\"name\":\"Loja Online\",\"item\":\"https:\/\/ramirez.pt\/novo\/loja-online\/\"},{\"@type\":\"ListItem\",\"position\":3,\"name\":\"Filetes de Anchovas em \u00d3leo Vegetal\"}]},{\"@type\":\"WebSite\",\"@id\":\"https:\/\/ramirez.pt\/novo\/#website\",\"url\":\"https:\/\/ramirez.pt\/novo\/\",\"name\":\"Ramirez Conservas | A mais antiga f\u00e1brica de conservas\",\"description\":\"A mais antiga f\u00e1brica de conservas\",\"publisher\":{\"@id\":\"https:\/\/ramirez.pt\/novo\/#organization\"},\"potentialAction\":[{\"@type\":\"SearchAction\",\"target\":{\"@type\":\"EntryPoint\",\"urlTemplate\":\"https:\/\/ramirez.pt\/novo\/?s={search_term_string}\"},\"query-input\":{\"@type\":\"PropertyValueSpecification\",\"valueRequired\":true,\"valueName\":\"search_term_string\"}}],\"inLanguage\":\"pt-PT\"},{\"@type\":\"Organization\",\"@id\":\"https:\/\/ramirez.pt\/novo\/#organization\",\"name\":\"Ramirez Conservas | A mais antiga f\u00e1brica de conservas\",\"url\":\"https:\/\/ramirez.pt\/novo\/\",\"logo\":{\"@type\":\"ImageObject\",\"inLanguage\":\"pt-PT\",\"@id\":\"https:\/\/ramirez.pt\/novo\/#\/schema\/logo\/image\/\",\"url\":\"https:\/\/ramirez.pt\/wp-content\/uploads\/2023\/06\/Logo-Ramirez-Geral-1.jpg\",\"contentUrl\":\"https:\/\/ramirez.pt\/wp-content\/uploads\/2023\/06\/Logo-Ramirez-Geral-1.jpg\",\"width\":250,\"height\":254,\"caption\":\"Ramirez Conservas | A mais antiga f\u00e1brica de conservas\"},\"image\":{\"@id\":\"https:\/\/ramirez.pt\/novo\/#\/schema\/logo\/image\/\"},\"sameAs\":[\"https:\/\/www.facebook.com\/ramirez1853\/\",\"https:\/\/www.instagram.com\/conservasramirez\/?hl=pt\",\"https:\/\/www.linkedin.com\/company\/ramirez-healthy-eating\/\"]}]}<\/script>\n<meta property=\"product:price:amount\" content=\"8.01\" \/>\n<meta property=\"product:price:currency\" content=\"EUR\" \/>\n<meta property=\"og:availability\" content=\"instock\" \/>\n<meta property=\"product:availability\" content=\"instock\" \/>\n<meta property=\"product:retailer_item_id\" content=\"P1RAE031701-5\" \/>\n<meta property=\"product:condition\" content=\"new\" \/>\n<!-- \/ Yoast SEO Premium plugin. -->","yoast_head_json":{"title":"Filetes de Anchovas em \u00d3leo Vegetal - Ramirez Conservas | A mais antiga f\u00e1brica de conservas","robots":{"index":"index","follow":"follow","max-snippet":"max-snippet:-1","max-image-preview":"max-image-preview:large","max-video-preview":"max-video-preview:-1"},"canonical":"https:\/\/ramirez.pt\/novo\/produto\/filetes-de-anchovas-em-oleo-vegetal-3\/","og_locale":"pt_PT","og_type":"article","og_title":"Filetes de Anchovas em \u00d3leo Vegetal","og_description":"Para os apreciadores de anchovas, a Ramirez apresenta uma semi-conserva de filetes de anchova em \u00f3leo vegetal. Tal como a sardinha, tamb\u00e9m a anchova \u00e9 fonte de \u00e1cidos gordos \u00f3mega 3, induzindo in\u00fameros benef\u00edcios como a prote\u00e7\u00e3o cardiovascular.","og_url":"https:\/\/ramirez.pt\/novo\/produto\/filetes-de-anchovas-em-oleo-vegetal-3\/","og_site_name":"Ramirez Conservas | A mais antiga f\u00e1brica de conservas","article_publisher":"https:\/\/www.facebook.com\/ramirez1853\/","article_modified_time":"2025-09-04T16:48:33+00:00","og_image":[{"width":800,"height":800,"url":"https:\/\/ramirez.pt\/novo\/wp-content\/uploads\/2018\/11\/ramirez-filetes-de-anchovas-oleo-vegetal.jpg","type":"image\/jpeg"}],"twitter_card":"summary_large_image","twitter_misc":{"pre\u00e7o":"8,01&nbsp;&euro;","Disponibilidade":"Em stock"},"schema":{"@context":"https:\/\/schema.org","@graph":[{"@type":"WebPage","@id":"https:\/\/ramirez.pt\/novo\/produto\/filetes-de-anchovas-em-oleo-vegetal-3\/","url":"https:\/\/ramirez.pt\/novo\/produto\/filetes-de-anchovas-em-oleo-vegetal-3\/","name":"Filetes de Anchovas em \u00d3leo Vegetal - Ramirez Conservas | A mais antiga f\u00e1brica de conservas","isPartOf":{"@id":"https:\/\/ramirez.pt\/novo\/#website"},"primaryImageOfPage":{"@id":"https:\/\/ramirez.pt\/novo\/produto\/filetes-de-anchovas-em-oleo-vegetal-3\/#primaryimage"},"image":{"@id":"https:\/\/ramirez.pt\/novo\/produto\/filetes-de-anchovas-em-oleo-vegetal-3\/#primaryimage"},"thumbnailUrl":"https:\/\/ramirez.pt\/novo\/wp-content\/uploads\/2018\/11\/ramirez-filetes-de-anchovas-oleo-vegetal.jpg","datePublished":"2018-11-09T17:58:13+00:00","dateModified":"2025-09-04T16:48:33+00:00","breadcrumb":{"@id":"https:\/\/ramirez.pt\/novo\/produto\/filetes-de-anchovas-em-oleo-vegetal-3\/#breadcrumb"},"inLanguage":"pt-PT","potentialAction":[{"@type":"ReadAction","target":["https:\/\/ramirez.pt\/novo\/produto\/filetes-de-anchovas-em-oleo-vegetal-3\/"]}]},{"@type":"ImageObject","inLanguage":"pt-PT","@id":"https:\/\/ramirez.pt\/novo\/produto\/filetes-de-anchovas-em-oleo-vegetal-3\/#primaryimage","url":"https:\/\/ramirez.pt\/novo\/wp-content\/uploads\/2018\/11\/ramirez-filetes-de-anchovas-oleo-vegetal.jpg","contentUrl":"https:\/\/ramirez.pt\/novo\/wp-content\/uploads\/2018\/11\/ramirez-filetes-de-anchovas-oleo-vegetal.jpg","width":800,"height":800},{"@type":"BreadcrumbList","@id":"https:\/\/ramirez.pt\/novo\/produto\/filetes-de-anchovas-em-oleo-vegetal-3\/#breadcrumb","itemListElement":[{"@type":"ListItem","position":1,"name":"In\u00edcio","item":"https:\/\/ramirez.pt\/novo\/"},{"@type":"ListItem","position":2,"name":"Loja Online","item":"https:\/\/ramirez.pt\/novo\/loja-online\/"},{"@type":"ListItem","position":3,"name":"Filetes de Anchovas em \u00d3leo Vegetal"}]},{"@type":"WebSite","@id":"https:\/\/ramirez.pt\/novo\/#website","url":"https:\/\/ramirez.pt\/novo\/","name":"Ramirez Conservas | A mais antiga f\u00e1brica de conservas","description":"A mais antiga f\u00e1brica de conservas","publisher":{"@id":"https:\/\/ramirez.pt\/novo\/#organization"},"potentialAction":[{"@type":"SearchAction","target":{"@type":"EntryPoint","urlTemplate":"https:\/\/ramirez.pt\/novo\/?s={search_term_string}"},"query-input":{"@type":"PropertyValueSpecification","valueRequired":true,"valueName":"search_term_string"}}],"inLanguage":"pt-PT"},{"@type":"Organization","@id":"https:\/\/ramirez.pt\/novo\/#organization","name":"Ramirez Conservas | A mais antiga f\u00e1brica de conservas","url":"https:\/\/ramirez.pt\/novo\/","logo":{"@type":"ImageObject","inLanguage":"pt-PT","@id":"https:\/\/ramirez.pt\/novo\/#\/schema\/logo\/image\/","url":"https:\/\/ramirez.pt\/wp-content\/uploads\/2023\/06\/Logo-Ramirez-Geral-1.jpg","contentUrl":"https:\/\/ramirez.pt\/wp-content\/uploads\/2023\/06\/Logo-Ramirez-Geral-1.jpg","width":250,"height":254,"caption":"Ramirez Conservas | A mais antiga f\u00e1brica de conservas"},"image":{"@id":"https:\/\/ramirez.pt\/novo\/#\/schema\/logo\/image\/"},"sameAs":["https:\/\/www.facebook.com\/ramirez1853\/","https:\/\/www.instagram.com\/conservasramirez\/?hl=pt","https:\/\/www.linkedin.com\/company\/ramirez-healthy-eating\/"]}]},"product_price_amount":"8.01","product_price_currency":"EUR","og_availability":"instock","product_availability":"instock","product_retailer_item_id":"P1RAE031701-5","product_condition":"new"},"_links":{"self":[{"href":"https:\/\/ramirez.pt\/novo\/wp-json\/wp\/v2\/product\/9291","targetHints":{"allow":["GET"]}}],"collection":[{"href":"https:\/\/ramirez.pt\/novo\/wp-json\/wp\/v2\/product"}],"about":[{"href":"https:\/\/ramirez.pt\/novo\/wp-json\/wp\/v2\/types\/product"}],"replies":[{"embeddable":true,"href":"https:\/\/ramirez.pt\/novo\/wp-json\/wp\/v2\/comments?post=9291"}],"wp:featuredmedia":[{"embeddable":true,"href":"https:\/\/ramirez.pt\/novo\/wp-json\/wp\/v2\/media\/21652"}],"wp:attachment":[{"href":"https:\/\/ramirez.pt\/novo\/wp-json\/wp\/v2\/media?parent=9291"}],"wp:term":[{"taxonomy":"product_cat","embeddable":true,"href":"https:\/\/ramirez.pt\/novo\/wp-json\/wp\/v2\/product_cat?post=9291"},{"taxonomy":"product_tag","embeddable":true,"href":"https:\/\/ramirez.pt\/novo\/wp-json\/wp\/v2\/product_tag?post=9291"}],"curies":[{"name":"wp","href":"https:\/\/api.w.org\/{rel}","templated":true}]}}