{"id":9280,"date":"2018-11-09T17:44:12","date_gmt":"2018-11-09T17:44:12","guid":{"rendered":"http:\/\/ramirez.google-direct.com\/produto\/filetes-de-cavala-em-azeite-2\/"},"modified":"2025-05-11T10:48:02","modified_gmt":"2025-05-11T10:48:02","slug":"filetes-de-cavala-em-azeite-2","status":"publish","type":"product","link":"https:\/\/ramirez.pt\/novo\/produto\/filetes-de-cavala-em-azeite-2\/","title":{"rendered":"Filetes de Cavala em Azeite"},"content":{"rendered":"","protected":false},"excerpt":{"rendered":"<p>Pronta a degustar, esta iguaria La Rose \u00e9 confecionada de forma a conservar todo o sabor de um peixe bem temperado e com diversos benef\u00edcios nutricionais: a cavala \u00e9 rica em \u00f3mega 3 e em vitaminas B e B12, enquanto o azeite \u00e9 tido como uma gordura preferencial na dieta mediterr\u00e2nica.<\/p>\n","protected":false},"featured_media":18986,"comment_status":"open","ping_status":"closed","template":"","meta":{"_acf_changed":false,"_mi_skip_tracking":false},"product_cat":[534],"product_tag":[],"class_list":["post-9280","product","type-product","status-publish","has-post-thumbnail","hentry","product_cat-cavala-cavala-pequena","pa_marcas-la-rose"],"acf":[],"yoast_head":"<!-- This site is optimized with the Yoast SEO Premium plugin v23.3 (Yoast SEO v23.7) - https:\/\/yoast.com\/wordpress\/plugins\/seo\/ -->\n<title>Filetes de Cavala em Azeite - Ramirez Conservas | A mais antiga f\u00e1brica de conservas<\/title>\n<meta name=\"robots\" content=\"index, follow, max-snippet:-1, max-image-preview:large, max-video-preview:-1\" \/>\n<link rel=\"canonical\" href=\"https:\/\/ramirez.pt\/novo\/produto\/filetes-de-cavala-em-azeite-2\/\" \/>\n<meta property=\"og:locale\" content=\"pt_PT\" \/>\n<meta property=\"og:type\" content=\"article\" \/>\n<meta property=\"og:title\" content=\"Filetes de Cavala em Azeite\" \/>\n<meta property=\"og:description\" content=\"Pronta a degustar, esta iguaria La Rose \u00e9 confecionada de forma a conservar todo o sabor de um peixe bem temperado e com diversos benef\u00edcios nutricionais: a cavala \u00e9 rica em \u00f3mega 3 e em vitaminas B e B12, enquanto o azeite \u00e9 tido como uma gordura preferencial na dieta mediterr\u00e2nica.\" \/>\n<meta property=\"og:url\" content=\"https:\/\/ramirez.pt\/novo\/produto\/filetes-de-cavala-em-azeite-2\/\" \/>\n<meta property=\"og:site_name\" content=\"Ramirez Conservas | A mais antiga f\u00e1brica de conservas\" \/>\n<meta property=\"article:publisher\" content=\"https:\/\/www.facebook.com\/ramirez1853\/\" \/>\n<meta property=\"article:modified_time\" content=\"2025-05-11T10:48:02+00:00\" \/>\n<meta property=\"og:image\" content=\"https:\/\/ramirez.pt\/novo\/wp-content\/uploads\/2023\/03\/P2LAR012705-5.jpg\" \/>\n\t<meta property=\"og:image:width\" content=\"800\" \/>\n\t<meta property=\"og:image:height\" content=\"800\" \/>\n\t<meta property=\"og:image:type\" content=\"image\/jpeg\" \/>\n<meta name=\"twitter:card\" content=\"summary_large_image\" \/>\n<meta name=\"twitter:label1\" content=\"pre\u00e7o\" \/>\n\t<meta name=\"twitter:data1\" content=\"13,30&nbsp;&euro;\" \/>\n\t<meta name=\"twitter:label2\" content=\"Disponibilidade\" \/>\n\t<meta name=\"twitter:data2\" content=\"Em stock\" \/>\n<script type=\"application\/ld+json\" class=\"yoast-schema-graph\">{\"@context\":\"https:\/\/schema.org\",\"@graph\":[{\"@type\":\"WebPage\",\"@id\":\"https:\/\/ramirez.pt\/novo\/produto\/filetes-de-cavala-em-azeite-2\/\",\"url\":\"https:\/\/ramirez.pt\/novo\/produto\/filetes-de-cavala-em-azeite-2\/\",\"name\":\"Filetes de Cavala em Azeite - Ramirez Conservas | A mais antiga f\u00e1brica de conservas\",\"isPartOf\":{\"@id\":\"https:\/\/ramirez.pt\/novo\/#website\"},\"primaryImageOfPage\":{\"@id\":\"https:\/\/ramirez.pt\/novo\/produto\/filetes-de-cavala-em-azeite-2\/#primaryimage\"},\"image\":{\"@id\":\"https:\/\/ramirez.pt\/novo\/produto\/filetes-de-cavala-em-azeite-2\/#primaryimage\"},\"thumbnailUrl\":\"https:\/\/ramirez.pt\/novo\/wp-content\/uploads\/2023\/03\/P2LAR012705-5.jpg\",\"datePublished\":\"2018-11-09T17:44:12+00:00\",\"dateModified\":\"2025-05-11T10:48:02+00:00\",\"breadcrumb\":{\"@id\":\"https:\/\/ramirez.pt\/novo\/produto\/filetes-de-cavala-em-azeite-2\/#breadcrumb\"},\"inLanguage\":\"pt-PT\",\"potentialAction\":[{\"@type\":\"ReadAction\",\"target\":[\"https:\/\/ramirez.pt\/novo\/produto\/filetes-de-cavala-em-azeite-2\/\"]}]},{\"@type\":\"ImageObject\",\"inLanguage\":\"pt-PT\",\"@id\":\"https:\/\/ramirez.pt\/novo\/produto\/filetes-de-cavala-em-azeite-2\/#primaryimage\",\"url\":\"https:\/\/ramirez.pt\/novo\/wp-content\/uploads\/2023\/03\/P2LAR012705-5.jpg\",\"contentUrl\":\"https:\/\/ramirez.pt\/novo\/wp-content\/uploads\/2023\/03\/P2LAR012705-5.jpg\",\"width\":800,\"height\":800,\"caption\":\"Filetes de Cavala em Azeite\"},{\"@type\":\"BreadcrumbList\",\"@id\":\"https:\/\/ramirez.pt\/novo\/produto\/filetes-de-cavala-em-azeite-2\/#breadcrumb\",\"itemListElement\":[{\"@type\":\"ListItem\",\"position\":1,\"name\":\"In\u00edcio\",\"item\":\"https:\/\/ramirez.pt\/novo\/\"},{\"@type\":\"ListItem\",\"position\":2,\"name\":\"Loja Online\",\"item\":\"https:\/\/ramirez.pt\/novo\/loja-online\/\"},{\"@type\":\"ListItem\",\"position\":3,\"name\":\"Filetes de Cavala em Azeite\"}]},{\"@type\":\"WebSite\",\"@id\":\"https:\/\/ramirez.pt\/novo\/#website\",\"url\":\"https:\/\/ramirez.pt\/novo\/\",\"name\":\"Ramirez Conservas | A mais antiga f\u00e1brica de conservas\",\"description\":\"A mais antiga f\u00e1brica de conservas\",\"publisher\":{\"@id\":\"https:\/\/ramirez.pt\/novo\/#organization\"},\"potentialAction\":[{\"@type\":\"SearchAction\",\"target\":{\"@type\":\"EntryPoint\",\"urlTemplate\":\"https:\/\/ramirez.pt\/novo\/?s={search_term_string}\"},\"query-input\":{\"@type\":\"PropertyValueSpecification\",\"valueRequired\":true,\"valueName\":\"search_term_string\"}}],\"inLanguage\":\"pt-PT\"},{\"@type\":\"Organization\",\"@id\":\"https:\/\/ramirez.pt\/novo\/#organization\",\"name\":\"Ramirez Conservas | A mais antiga f\u00e1brica de conservas\",\"url\":\"https:\/\/ramirez.pt\/novo\/\",\"logo\":{\"@type\":\"ImageObject\",\"inLanguage\":\"pt-PT\",\"@id\":\"https:\/\/ramirez.pt\/novo\/#\/schema\/logo\/image\/\",\"url\":\"https:\/\/ramirez.pt\/wp-content\/uploads\/2023\/06\/Logo-Ramirez-Geral-1.jpg\",\"contentUrl\":\"https:\/\/ramirez.pt\/wp-content\/uploads\/2023\/06\/Logo-Ramirez-Geral-1.jpg\",\"width\":250,\"height\":254,\"caption\":\"Ramirez Conservas | A mais antiga f\u00e1brica de conservas\"},\"image\":{\"@id\":\"https:\/\/ramirez.pt\/novo\/#\/schema\/logo\/image\/\"},\"sameAs\":[\"https:\/\/www.facebook.com\/ramirez1853\/\",\"https:\/\/www.instagram.com\/conservasramirez\/?hl=pt\",\"https:\/\/www.linkedin.com\/company\/ramirez-healthy-eating\/\"]}]}<\/script>\n<meta property=\"product:price:amount\" content=\"13.30\" \/>\n<meta property=\"product:price:currency\" content=\"EUR\" \/>\n<meta property=\"og:availability\" content=\"instock\" \/>\n<meta property=\"product:availability\" content=\"instock\" \/>\n<meta property=\"product:retailer_item_id\" content=\"P2LAR012705-5\" \/>\n<meta property=\"product:condition\" content=\"new\" \/>\n<!-- \/ Yoast SEO Premium plugin. -->","yoast_head_json":{"title":"Filetes de Cavala em Azeite - Ramirez Conservas | A mais antiga f\u00e1brica de conservas","robots":{"index":"index","follow":"follow","max-snippet":"max-snippet:-1","max-image-preview":"max-image-preview:large","max-video-preview":"max-video-preview:-1"},"canonical":"https:\/\/ramirez.pt\/novo\/produto\/filetes-de-cavala-em-azeite-2\/","og_locale":"pt_PT","og_type":"article","og_title":"Filetes de Cavala em Azeite","og_description":"Pronta a degustar, esta iguaria La Rose \u00e9 confecionada de forma a conservar todo o sabor de um peixe bem temperado e com diversos benef\u00edcios nutricionais: a cavala \u00e9 rica em \u00f3mega 3 e em vitaminas B e B12, enquanto o azeite \u00e9 tido como uma gordura preferencial na dieta mediterr\u00e2nica.","og_url":"https:\/\/ramirez.pt\/novo\/produto\/filetes-de-cavala-em-azeite-2\/","og_site_name":"Ramirez Conservas | A mais antiga f\u00e1brica de conservas","article_publisher":"https:\/\/www.facebook.com\/ramirez1853\/","article_modified_time":"2025-05-11T10:48:02+00:00","og_image":[{"width":800,"height":800,"url":"https:\/\/ramirez.pt\/novo\/wp-content\/uploads\/2023\/03\/P2LAR012705-5.jpg","type":"image\/jpeg"}],"twitter_card":"summary_large_image","twitter_misc":{"pre\u00e7o":"13,30&nbsp;&euro;","Disponibilidade":"Em stock"},"schema":{"@context":"https:\/\/schema.org","@graph":[{"@type":"WebPage","@id":"https:\/\/ramirez.pt\/novo\/produto\/filetes-de-cavala-em-azeite-2\/","url":"https:\/\/ramirez.pt\/novo\/produto\/filetes-de-cavala-em-azeite-2\/","name":"Filetes de Cavala em Azeite - Ramirez Conservas | A mais antiga f\u00e1brica de conservas","isPartOf":{"@id":"https:\/\/ramirez.pt\/novo\/#website"},"primaryImageOfPage":{"@id":"https:\/\/ramirez.pt\/novo\/produto\/filetes-de-cavala-em-azeite-2\/#primaryimage"},"image":{"@id":"https:\/\/ramirez.pt\/novo\/produto\/filetes-de-cavala-em-azeite-2\/#primaryimage"},"thumbnailUrl":"https:\/\/ramirez.pt\/novo\/wp-content\/uploads\/2023\/03\/P2LAR012705-5.jpg","datePublished":"2018-11-09T17:44:12+00:00","dateModified":"2025-05-11T10:48:02+00:00","breadcrumb":{"@id":"https:\/\/ramirez.pt\/novo\/produto\/filetes-de-cavala-em-azeite-2\/#breadcrumb"},"inLanguage":"pt-PT","potentialAction":[{"@type":"ReadAction","target":["https:\/\/ramirez.pt\/novo\/produto\/filetes-de-cavala-em-azeite-2\/"]}]},{"@type":"ImageObject","inLanguage":"pt-PT","@id":"https:\/\/ramirez.pt\/novo\/produto\/filetes-de-cavala-em-azeite-2\/#primaryimage","url":"https:\/\/ramirez.pt\/novo\/wp-content\/uploads\/2023\/03\/P2LAR012705-5.jpg","contentUrl":"https:\/\/ramirez.pt\/novo\/wp-content\/uploads\/2023\/03\/P2LAR012705-5.jpg","width":800,"height":800,"caption":"Filetes de Cavala em Azeite"},{"@type":"BreadcrumbList","@id":"https:\/\/ramirez.pt\/novo\/produto\/filetes-de-cavala-em-azeite-2\/#breadcrumb","itemListElement":[{"@type":"ListItem","position":1,"name":"In\u00edcio","item":"https:\/\/ramirez.pt\/novo\/"},{"@type":"ListItem","position":2,"name":"Loja Online","item":"https:\/\/ramirez.pt\/novo\/loja-online\/"},{"@type":"ListItem","position":3,"name":"Filetes de Cavala em Azeite"}]},{"@type":"WebSite","@id":"https:\/\/ramirez.pt\/novo\/#website","url":"https:\/\/ramirez.pt\/novo\/","name":"Ramirez Conservas | A mais antiga f\u00e1brica de conservas","description":"A mais antiga f\u00e1brica de conservas","publisher":{"@id":"https:\/\/ramirez.pt\/novo\/#organization"},"potentialAction":[{"@type":"SearchAction","target":{"@type":"EntryPoint","urlTemplate":"https:\/\/ramirez.pt\/novo\/?s={search_term_string}"},"query-input":{"@type":"PropertyValueSpecification","valueRequired":true,"valueName":"search_term_string"}}],"inLanguage":"pt-PT"},{"@type":"Organization","@id":"https:\/\/ramirez.pt\/novo\/#organization","name":"Ramirez Conservas | A mais antiga f\u00e1brica de conservas","url":"https:\/\/ramirez.pt\/novo\/","logo":{"@type":"ImageObject","inLanguage":"pt-PT","@id":"https:\/\/ramirez.pt\/novo\/#\/schema\/logo\/image\/","url":"https:\/\/ramirez.pt\/wp-content\/uploads\/2023\/06\/Logo-Ramirez-Geral-1.jpg","contentUrl":"https:\/\/ramirez.pt\/wp-content\/uploads\/2023\/06\/Logo-Ramirez-Geral-1.jpg","width":250,"height":254,"caption":"Ramirez Conservas | A mais antiga f\u00e1brica de conservas"},"image":{"@id":"https:\/\/ramirez.pt\/novo\/#\/schema\/logo\/image\/"},"sameAs":["https:\/\/www.facebook.com\/ramirez1853\/","https:\/\/www.instagram.com\/conservasramirez\/?hl=pt","https:\/\/www.linkedin.com\/company\/ramirez-healthy-eating\/"]}]},"product_price_amount":"13.30","product_price_currency":"EUR","og_availability":"instock","product_availability":"instock","product_retailer_item_id":"P2LAR012705-5","product_condition":"new"},"_links":{"self":[{"href":"https:\/\/ramirez.pt\/novo\/wp-json\/wp\/v2\/product\/9280","targetHints":{"allow":["GET"]}}],"collection":[{"href":"https:\/\/ramirez.pt\/novo\/wp-json\/wp\/v2\/product"}],"about":[{"href":"https:\/\/ramirez.pt\/novo\/wp-json\/wp\/v2\/types\/product"}],"replies":[{"embeddable":true,"href":"https:\/\/ramirez.pt\/novo\/wp-json\/wp\/v2\/comments?post=9280"}],"wp:featuredmedia":[{"embeddable":true,"href":"https:\/\/ramirez.pt\/novo\/wp-json\/wp\/v2\/media\/18986"}],"wp:attachment":[{"href":"https:\/\/ramirez.pt\/novo\/wp-json\/wp\/v2\/media?parent=9280"}],"wp:term":[{"taxonomy":"product_cat","embeddable":true,"href":"https:\/\/ramirez.pt\/novo\/wp-json\/wp\/v2\/product_cat?post=9280"},{"taxonomy":"product_tag","embeddable":true,"href":"https:\/\/ramirez.pt\/novo\/wp-json\/wp\/v2\/product_tag?post=9280"}],"curies":[{"name":"wp","href":"https:\/\/api.w.org\/{rel}","templated":true}]}}