{"id":27195,"date":"2024-11-13T17:17:15","date_gmt":"2024-11-13T17:17:15","guid":{"rendered":"https:\/\/ramirez.pt\/?post_type=product&#038;p=27195"},"modified":"2025-10-17T11:10:41","modified_gmt":"2025-10-17T11:10:41","slug":"atum-com-feijao-frade","status":"publish","type":"product","link":"https:\/\/ramirez.pt\/novo\/produto\/atum-com-feijao-frade\/","title":{"rendered":"Atum com Feij\u00e3o Frade"},"content":{"rendered":"","protected":false},"excerpt":{"rendered":"<p>Neste formato, esta salada &#8211; que associa o feij\u00e3o-frade, uma leguminosa rica em fibra, ao atum &#8211; \u00e9 perfeita para as propostas mais criativas da restaura\u00e7\u00e3o, para fam\u00edlias numerosas ou at\u00e9 para quem n\u00e3o se satisfaz com uma lata tradicional de 120 gr.<\/p>\n<p>\u00c9 uma refei\u00e7\u00e3o pronta, com muita prote\u00edna, que se revela uma \u00f3ptima alternativa tamb\u00e9m em momentos de menor disponibilidade para cozinhar.<\/p>\n","protected":false},"featured_media":27389,"comment_status":"open","ping_status":"closed","template":"","meta":{"_acf_changed":false,"_mi_skip_tracking":false},"product_cat":[529],"product_tag":[],"class_list":["post-27195","product","type-product","status-publish","has-post-thumbnail","hentry","product_cat-atum-com-vegetais","pa_marcas-ramirez"],"acf":[],"yoast_head":"<!-- This site is optimized with the Yoast SEO Premium plugin v23.3 (Yoast SEO v23.7) - https:\/\/yoast.com\/wordpress\/plugins\/seo\/ -->\n<title>Atum com Feij\u00e3o Frade - Ramirez Conservas | A mais antiga f\u00e1brica de conservas<\/title>\n<meta name=\"robots\" content=\"index, follow, max-snippet:-1, max-image-preview:large, max-video-preview:-1\" \/>\n<link rel=\"canonical\" href=\"https:\/\/ramirez.pt\/novo\/produto\/atum-com-feijao-frade\/\" \/>\n<meta property=\"og:locale\" content=\"pt_PT\" \/>\n<meta property=\"og:type\" content=\"article\" \/>\n<meta property=\"og:title\" content=\"Atum com Feij\u00e3o Frade\" \/>\n<meta property=\"og:description\" content=\"Neste formato, esta salada - que associa o feij\u00e3o-frade, uma leguminosa rica em fibra, ao atum - \u00e9 perfeita para as propostas mais criativas da restaura\u00e7\u00e3o, para fam\u00edlias numerosas ou at\u00e9 para quem n\u00e3o se satisfaz com uma lata tradicional de 120 gr.  \u00c9 uma refei\u00e7\u00e3o pronta, com muita prote\u00edna, que se revela uma \u00f3ptima alternativa tamb\u00e9m em momentos de menor disponibilidade para cozinhar.\" \/>\n<meta property=\"og:url\" content=\"https:\/\/ramirez.pt\/novo\/produto\/atum-com-feijao-frade\/\" \/>\n<meta property=\"og:site_name\" content=\"Ramirez Conservas | A mais antiga f\u00e1brica de conservas\" \/>\n<meta property=\"article:publisher\" content=\"https:\/\/www.facebook.com\/ramirez1853\/\" \/>\n<meta property=\"article:modified_time\" content=\"2025-10-17T11:10:41+00:00\" \/>\n<meta property=\"og:image\" content=\"https:\/\/ramirez.pt\/novo\/wp-content\/uploads\/2024\/11\/RAMIREZ-atum-feijao-frade-385g_01.jpg\" \/>\n\t<meta property=\"og:image:width\" content=\"800\" \/>\n\t<meta property=\"og:image:height\" content=\"800\" \/>\n\t<meta property=\"og:image:type\" content=\"image\/jpeg\" \/>\n<meta name=\"twitter:card\" content=\"summary_large_image\" \/>\n<meta name=\"twitter:label1\" content=\"pre\u00e7o\" \/>\n\t<meta name=\"twitter:data1\" content=\"24,10&nbsp;&euro;\" \/>\n\t<meta name=\"twitter:label2\" content=\"Disponibilidade\" \/>\n\t<meta name=\"twitter:data2\" content=\"Esgotado\" \/>\n<script type=\"application\/ld+json\" class=\"yoast-schema-graph\">{\"@context\":\"https:\/\/schema.org\",\"@graph\":[{\"@type\":\"WebPage\",\"@id\":\"https:\/\/ramirez.pt\/novo\/produto\/atum-com-feijao-frade\/\",\"url\":\"https:\/\/ramirez.pt\/novo\/produto\/atum-com-feijao-frade\/\",\"name\":\"Atum com Feij\u00e3o Frade - Ramirez Conservas | A mais antiga f\u00e1brica de conservas\",\"isPartOf\":{\"@id\":\"https:\/\/ramirez.pt\/novo\/#website\"},\"primaryImageOfPage\":{\"@id\":\"https:\/\/ramirez.pt\/novo\/produto\/atum-com-feijao-frade\/#primaryimage\"},\"image\":{\"@id\":\"https:\/\/ramirez.pt\/novo\/produto\/atum-com-feijao-frade\/#primaryimage\"},\"thumbnailUrl\":\"https:\/\/ramirez.pt\/novo\/wp-content\/uploads\/2024\/11\/RAMIREZ-atum-feijao-frade-385g_01.jpg\",\"datePublished\":\"2024-11-13T17:17:15+00:00\",\"dateModified\":\"2025-10-17T11:10:41+00:00\",\"breadcrumb\":{\"@id\":\"https:\/\/ramirez.pt\/novo\/produto\/atum-com-feijao-frade\/#breadcrumb\"},\"inLanguage\":\"pt-PT\",\"potentialAction\":[{\"@type\":\"ReadAction\",\"target\":[\"https:\/\/ramirez.pt\/novo\/produto\/atum-com-feijao-frade\/\"]}]},{\"@type\":\"ImageObject\",\"inLanguage\":\"pt-PT\",\"@id\":\"https:\/\/ramirez.pt\/novo\/produto\/atum-com-feijao-frade\/#primaryimage\",\"url\":\"https:\/\/ramirez.pt\/novo\/wp-content\/uploads\/2024\/11\/RAMIREZ-atum-feijao-frade-385g_01.jpg\",\"contentUrl\":\"https:\/\/ramirez.pt\/novo\/wp-content\/uploads\/2024\/11\/RAMIREZ-atum-feijao-frade-385g_01.jpg\",\"width\":800,\"height\":800},{\"@type\":\"BreadcrumbList\",\"@id\":\"https:\/\/ramirez.pt\/novo\/produto\/atum-com-feijao-frade\/#breadcrumb\",\"itemListElement\":[{\"@type\":\"ListItem\",\"position\":1,\"name\":\"In\u00edcio\",\"item\":\"https:\/\/ramirez.pt\/novo\/\"},{\"@type\":\"ListItem\",\"position\":2,\"name\":\"Loja Online\",\"item\":\"https:\/\/ramirez.pt\/novo\/loja-online\/\"},{\"@type\":\"ListItem\",\"position\":3,\"name\":\"Atum com Feij\u00e3o Frade\"}]},{\"@type\":\"WebSite\",\"@id\":\"https:\/\/ramirez.pt\/novo\/#website\",\"url\":\"https:\/\/ramirez.pt\/novo\/\",\"name\":\"Ramirez Conservas | A mais antiga f\u00e1brica de conservas\",\"description\":\"A mais antiga f\u00e1brica de conservas\",\"publisher\":{\"@id\":\"https:\/\/ramirez.pt\/novo\/#organization\"},\"potentialAction\":[{\"@type\":\"SearchAction\",\"target\":{\"@type\":\"EntryPoint\",\"urlTemplate\":\"https:\/\/ramirez.pt\/novo\/?s={search_term_string}\"},\"query-input\":{\"@type\":\"PropertyValueSpecification\",\"valueRequired\":true,\"valueName\":\"search_term_string\"}}],\"inLanguage\":\"pt-PT\"},{\"@type\":\"Organization\",\"@id\":\"https:\/\/ramirez.pt\/novo\/#organization\",\"name\":\"Ramirez Conservas | A mais antiga f\u00e1brica de conservas\",\"url\":\"https:\/\/ramirez.pt\/novo\/\",\"logo\":{\"@type\":\"ImageObject\",\"inLanguage\":\"pt-PT\",\"@id\":\"https:\/\/ramirez.pt\/novo\/#\/schema\/logo\/image\/\",\"url\":\"https:\/\/ramirez.pt\/wp-content\/uploads\/2023\/06\/Logo-Ramirez-Geral-1.jpg\",\"contentUrl\":\"https:\/\/ramirez.pt\/wp-content\/uploads\/2023\/06\/Logo-Ramirez-Geral-1.jpg\",\"width\":250,\"height\":254,\"caption\":\"Ramirez Conservas | A mais antiga f\u00e1brica de conservas\"},\"image\":{\"@id\":\"https:\/\/ramirez.pt\/novo\/#\/schema\/logo\/image\/\"},\"sameAs\":[\"https:\/\/www.facebook.com\/ramirez1853\/\",\"https:\/\/www.instagram.com\/conservasramirez\/?hl=pt\",\"https:\/\/www.linkedin.com\/company\/ramirez-healthy-eating\/\"]}]}<\/script>\n<meta property=\"product:price:amount\" content=\"24.10\" \/>\n<meta property=\"product:price:currency\" content=\"EUR\" \/>\n<meta property=\"og:availability\" content=\"out of stock\" \/>\n<meta property=\"product:availability\" content=\"out of stock\" \/>\n<meta property=\"product:retailer_item_id\" content=\"P2RAE066115-6\" \/>\n<meta property=\"product:condition\" content=\"new\" \/>\n<!-- \/ Yoast SEO Premium plugin. -->","yoast_head_json":{"title":"Atum com Feij\u00e3o Frade - Ramirez Conservas | A mais antiga f\u00e1brica de conservas","robots":{"index":"index","follow":"follow","max-snippet":"max-snippet:-1","max-image-preview":"max-image-preview:large","max-video-preview":"max-video-preview:-1"},"canonical":"https:\/\/ramirez.pt\/novo\/produto\/atum-com-feijao-frade\/","og_locale":"pt_PT","og_type":"article","og_title":"Atum com Feij\u00e3o Frade","og_description":"Neste formato, esta salada - que associa o feij\u00e3o-frade, uma leguminosa rica em fibra, ao atum - \u00e9 perfeita para as propostas mais criativas da restaura\u00e7\u00e3o, para fam\u00edlias numerosas ou at\u00e9 para quem n\u00e3o se satisfaz com uma lata tradicional de 120 gr.  \u00c9 uma refei\u00e7\u00e3o pronta, com muita prote\u00edna, que se revela uma \u00f3ptima alternativa tamb\u00e9m em momentos de menor disponibilidade para cozinhar.","og_url":"https:\/\/ramirez.pt\/novo\/produto\/atum-com-feijao-frade\/","og_site_name":"Ramirez Conservas | A mais antiga f\u00e1brica de conservas","article_publisher":"https:\/\/www.facebook.com\/ramirez1853\/","article_modified_time":"2025-10-17T11:10:41+00:00","og_image":[{"width":800,"height":800,"url":"https:\/\/ramirez.pt\/novo\/wp-content\/uploads\/2024\/11\/RAMIREZ-atum-feijao-frade-385g_01.jpg","type":"image\/jpeg"}],"twitter_card":"summary_large_image","twitter_misc":{"pre\u00e7o":"24,10&nbsp;&euro;","Disponibilidade":"Esgotado"},"schema":{"@context":"https:\/\/schema.org","@graph":[{"@type":"WebPage","@id":"https:\/\/ramirez.pt\/novo\/produto\/atum-com-feijao-frade\/","url":"https:\/\/ramirez.pt\/novo\/produto\/atum-com-feijao-frade\/","name":"Atum com Feij\u00e3o Frade - Ramirez Conservas | A mais antiga f\u00e1brica de conservas","isPartOf":{"@id":"https:\/\/ramirez.pt\/novo\/#website"},"primaryImageOfPage":{"@id":"https:\/\/ramirez.pt\/novo\/produto\/atum-com-feijao-frade\/#primaryimage"},"image":{"@id":"https:\/\/ramirez.pt\/novo\/produto\/atum-com-feijao-frade\/#primaryimage"},"thumbnailUrl":"https:\/\/ramirez.pt\/novo\/wp-content\/uploads\/2024\/11\/RAMIREZ-atum-feijao-frade-385g_01.jpg","datePublished":"2024-11-13T17:17:15+00:00","dateModified":"2025-10-17T11:10:41+00:00","breadcrumb":{"@id":"https:\/\/ramirez.pt\/novo\/produto\/atum-com-feijao-frade\/#breadcrumb"},"inLanguage":"pt-PT","potentialAction":[{"@type":"ReadAction","target":["https:\/\/ramirez.pt\/novo\/produto\/atum-com-feijao-frade\/"]}]},{"@type":"ImageObject","inLanguage":"pt-PT","@id":"https:\/\/ramirez.pt\/novo\/produto\/atum-com-feijao-frade\/#primaryimage","url":"https:\/\/ramirez.pt\/novo\/wp-content\/uploads\/2024\/11\/RAMIREZ-atum-feijao-frade-385g_01.jpg","contentUrl":"https:\/\/ramirez.pt\/novo\/wp-content\/uploads\/2024\/11\/RAMIREZ-atum-feijao-frade-385g_01.jpg","width":800,"height":800},{"@type":"BreadcrumbList","@id":"https:\/\/ramirez.pt\/novo\/produto\/atum-com-feijao-frade\/#breadcrumb","itemListElement":[{"@type":"ListItem","position":1,"name":"In\u00edcio","item":"https:\/\/ramirez.pt\/novo\/"},{"@type":"ListItem","position":2,"name":"Loja Online","item":"https:\/\/ramirez.pt\/novo\/loja-online\/"},{"@type":"ListItem","position":3,"name":"Atum com Feij\u00e3o Frade"}]},{"@type":"WebSite","@id":"https:\/\/ramirez.pt\/novo\/#website","url":"https:\/\/ramirez.pt\/novo\/","name":"Ramirez Conservas | A mais antiga f\u00e1brica de conservas","description":"A mais antiga f\u00e1brica de conservas","publisher":{"@id":"https:\/\/ramirez.pt\/novo\/#organization"},"potentialAction":[{"@type":"SearchAction","target":{"@type":"EntryPoint","urlTemplate":"https:\/\/ramirez.pt\/novo\/?s={search_term_string}"},"query-input":{"@type":"PropertyValueSpecification","valueRequired":true,"valueName":"search_term_string"}}],"inLanguage":"pt-PT"},{"@type":"Organization","@id":"https:\/\/ramirez.pt\/novo\/#organization","name":"Ramirez Conservas | A mais antiga f\u00e1brica de conservas","url":"https:\/\/ramirez.pt\/novo\/","logo":{"@type":"ImageObject","inLanguage":"pt-PT","@id":"https:\/\/ramirez.pt\/novo\/#\/schema\/logo\/image\/","url":"https:\/\/ramirez.pt\/wp-content\/uploads\/2023\/06\/Logo-Ramirez-Geral-1.jpg","contentUrl":"https:\/\/ramirez.pt\/wp-content\/uploads\/2023\/06\/Logo-Ramirez-Geral-1.jpg","width":250,"height":254,"caption":"Ramirez Conservas | A mais antiga f\u00e1brica de conservas"},"image":{"@id":"https:\/\/ramirez.pt\/novo\/#\/schema\/logo\/image\/"},"sameAs":["https:\/\/www.facebook.com\/ramirez1853\/","https:\/\/www.instagram.com\/conservasramirez\/?hl=pt","https:\/\/www.linkedin.com\/company\/ramirez-healthy-eating\/"]}]},"product_price_amount":"24.10","product_price_currency":"EUR","og_availability":"out of stock","product_availability":"out of stock","product_retailer_item_id":"P2RAE066115-6","product_condition":"new"},"_links":{"self":[{"href":"https:\/\/ramirez.pt\/novo\/wp-json\/wp\/v2\/product\/27195","targetHints":{"allow":["GET"]}}],"collection":[{"href":"https:\/\/ramirez.pt\/novo\/wp-json\/wp\/v2\/product"}],"about":[{"href":"https:\/\/ramirez.pt\/novo\/wp-json\/wp\/v2\/types\/product"}],"replies":[{"embeddable":true,"href":"https:\/\/ramirez.pt\/novo\/wp-json\/wp\/v2\/comments?post=27195"}],"wp:featuredmedia":[{"embeddable":true,"href":"https:\/\/ramirez.pt\/novo\/wp-json\/wp\/v2\/media\/27389"}],"wp:attachment":[{"href":"https:\/\/ramirez.pt\/novo\/wp-json\/wp\/v2\/media?parent=27195"}],"wp:term":[{"taxonomy":"product_cat","embeddable":true,"href":"https:\/\/ramirez.pt\/novo\/wp-json\/wp\/v2\/product_cat?post=27195"},{"taxonomy":"product_tag","embeddable":true,"href":"https:\/\/ramirez.pt\/novo\/wp-json\/wp\/v2\/product_tag?post=27195"}],"curies":[{"name":"wp","href":"https:\/\/api.w.org\/{rel}","templated":true}]}}