{"id":24182,"date":"2023-12-19T10:08:15","date_gmt":"2023-12-19T10:08:15","guid":{"rendered":"https:\/\/ramirez.pt\/?post_type=product&#038;p=24182"},"modified":"2025-09-18T14:18:52","modified_gmt":"2025-09-18T14:18:52","slug":"avental-vermelho","status":"publish","type":"product","link":"https:\/\/ramirez.pt\/novo\/produto\/avental-vermelho\/","title":{"rendered":"Avental Vermelho"},"content":{"rendered":"","protected":false},"excerpt":{"rendered":"<p>\u00c9 a eleg\u00e2ncia e a funcionalidade em plena harmonia. E \u00e9 <strong>para a menina e para o menino<\/strong>! Assim \u00e9 o avental Ramirez\u2026<\/p>\n<p>Est\u00e1 dispon\u00edvel em duas cores, para j\u00fabilo de todos os que est\u00e3o identificados com a nossa marca.<\/p>\n<p>Com tecido de elevada durabilidade, s\u00e3o garantia de eleg\u00e2ncia. Na cozinha de casa, no churrasco com amigos ou at\u00e9 a trabalhar.<\/p>\n","protected":false},"featured_media":24185,"comment_status":"open","ping_status":"closed","template":"","meta":{"_acf_changed":false,"_mi_skip_tracking":false},"product_cat":[549],"product_tag":[],"class_list":["post-24182","product","type-product","status-publish","has-post-thumbnail","hentry","product_cat-merchandising"],"acf":[],"yoast_head":"<!-- This site is optimized with the Yoast SEO Premium plugin v23.3 (Yoast SEO v23.7) - https:\/\/yoast.com\/wordpress\/plugins\/seo\/ -->\n<title>Avental Vermelho - Ramirez Conservas | A mais antiga f\u00e1brica de conservas<\/title>\n<meta name=\"robots\" content=\"index, follow, max-snippet:-1, max-image-preview:large, max-video-preview:-1\" \/>\n<link rel=\"canonical\" href=\"https:\/\/ramirez.pt\/novo\/produto\/avental-vermelho\/\" \/>\n<meta property=\"og:locale\" content=\"pt_PT\" \/>\n<meta property=\"og:type\" content=\"article\" \/>\n<meta property=\"og:title\" content=\"Avental Vermelho\" \/>\n<meta property=\"og:description\" content=\"\u00c9 a eleg\u00e2ncia e a funcionalidade em plena harmonia. E \u00e9 para a menina e para o menino! Assim \u00e9 o avental Ramirez\u2026  Est\u00e1 dispon\u00edvel em duas cores, para j\u00fabilo de todos os que est\u00e3o identificados com a nossa marca.  Com tecido de elevada durabilidade, s\u00e3o garantia de eleg\u00e2ncia. Na cozinha de casa, no churrasco com amigos ou at\u00e9 a trabalhar.\" \/>\n<meta property=\"og:url\" content=\"https:\/\/ramirez.pt\/novo\/produto\/avental-vermelho\/\" \/>\n<meta property=\"og:site_name\" content=\"Ramirez Conservas | A mais antiga f\u00e1brica de conservas\" \/>\n<meta property=\"article:publisher\" content=\"https:\/\/www.facebook.com\/ramirez1853\/\" \/>\n<meta property=\"article:modified_time\" content=\"2025-09-18T14:18:52+00:00\" \/>\n<meta property=\"og:image\" content=\"https:\/\/ramirez.pt\/novo\/wp-content\/uploads\/2023\/12\/avental-2.webp\" \/>\n\t<meta property=\"og:image:width\" content=\"800\" \/>\n\t<meta property=\"og:image:height\" content=\"800\" \/>\n\t<meta property=\"og:image:type\" content=\"image\/webp\" \/>\n<meta name=\"twitter:card\" content=\"summary_large_image\" \/>\n<meta name=\"twitter:label1\" content=\"pre\u00e7o\" \/>\n\t<meta name=\"twitter:data1\" content=\"18,00&nbsp;&euro;\" \/>\n\t<meta name=\"twitter:label2\" content=\"Disponibilidade\" \/>\n\t<meta name=\"twitter:data2\" content=\"Esgotado\" \/>\n<script type=\"application\/ld+json\" class=\"yoast-schema-graph\">{\"@context\":\"https:\/\/schema.org\",\"@graph\":[{\"@type\":\"WebPage\",\"@id\":\"https:\/\/ramirez.pt\/novo\/produto\/avental-vermelho\/\",\"url\":\"https:\/\/ramirez.pt\/novo\/produto\/avental-vermelho\/\",\"name\":\"Avental Vermelho - Ramirez Conservas | A mais antiga f\u00e1brica de conservas\",\"isPartOf\":{\"@id\":\"https:\/\/ramirez.pt\/novo\/#website\"},\"primaryImageOfPage\":{\"@id\":\"https:\/\/ramirez.pt\/novo\/produto\/avental-vermelho\/#primaryimage\"},\"image\":{\"@id\":\"https:\/\/ramirez.pt\/novo\/produto\/avental-vermelho\/#primaryimage\"},\"thumbnailUrl\":\"https:\/\/ramirez.pt\/novo\/wp-content\/uploads\/2023\/12\/avental-2.webp\",\"datePublished\":\"2023-12-19T10:08:15+00:00\",\"dateModified\":\"2025-09-18T14:18:52+00:00\",\"breadcrumb\":{\"@id\":\"https:\/\/ramirez.pt\/novo\/produto\/avental-vermelho\/#breadcrumb\"},\"inLanguage\":\"pt-PT\",\"potentialAction\":[{\"@type\":\"ReadAction\",\"target\":[\"https:\/\/ramirez.pt\/novo\/produto\/avental-vermelho\/\"]}]},{\"@type\":\"ImageObject\",\"inLanguage\":\"pt-PT\",\"@id\":\"https:\/\/ramirez.pt\/novo\/produto\/avental-vermelho\/#primaryimage\",\"url\":\"https:\/\/ramirez.pt\/novo\/wp-content\/uploads\/2023\/12\/avental-2.webp\",\"contentUrl\":\"https:\/\/ramirez.pt\/novo\/wp-content\/uploads\/2023\/12\/avental-2.webp\",\"width\":800,\"height\":800},{\"@type\":\"BreadcrumbList\",\"@id\":\"https:\/\/ramirez.pt\/novo\/produto\/avental-vermelho\/#breadcrumb\",\"itemListElement\":[{\"@type\":\"ListItem\",\"position\":1,\"name\":\"In\u00edcio\",\"item\":\"https:\/\/ramirez.pt\/novo\/\"},{\"@type\":\"ListItem\",\"position\":2,\"name\":\"Loja Online\",\"item\":\"https:\/\/ramirez.pt\/novo\/loja-online\/\"},{\"@type\":\"ListItem\",\"position\":3,\"name\":\"Avental Vermelho\"}]},{\"@type\":\"WebSite\",\"@id\":\"https:\/\/ramirez.pt\/novo\/#website\",\"url\":\"https:\/\/ramirez.pt\/novo\/\",\"name\":\"Ramirez Conservas | A mais antiga f\u00e1brica de conservas\",\"description\":\"A mais antiga f\u00e1brica de conservas\",\"publisher\":{\"@id\":\"https:\/\/ramirez.pt\/novo\/#organization\"},\"potentialAction\":[{\"@type\":\"SearchAction\",\"target\":{\"@type\":\"EntryPoint\",\"urlTemplate\":\"https:\/\/ramirez.pt\/novo\/?s={search_term_string}\"},\"query-input\":{\"@type\":\"PropertyValueSpecification\",\"valueRequired\":true,\"valueName\":\"search_term_string\"}}],\"inLanguage\":\"pt-PT\"},{\"@type\":\"Organization\",\"@id\":\"https:\/\/ramirez.pt\/novo\/#organization\",\"name\":\"Ramirez Conservas | A mais antiga f\u00e1brica de conservas\",\"url\":\"https:\/\/ramirez.pt\/novo\/\",\"logo\":{\"@type\":\"ImageObject\",\"inLanguage\":\"pt-PT\",\"@id\":\"https:\/\/ramirez.pt\/novo\/#\/schema\/logo\/image\/\",\"url\":\"https:\/\/ramirez.pt\/wp-content\/uploads\/2023\/06\/Logo-Ramirez-Geral-1.jpg\",\"contentUrl\":\"https:\/\/ramirez.pt\/wp-content\/uploads\/2023\/06\/Logo-Ramirez-Geral-1.jpg\",\"width\":250,\"height\":254,\"caption\":\"Ramirez Conservas | A mais antiga f\u00e1brica de conservas\"},\"image\":{\"@id\":\"https:\/\/ramirez.pt\/novo\/#\/schema\/logo\/image\/\"},\"sameAs\":[\"https:\/\/www.facebook.com\/ramirez1853\/\",\"https:\/\/www.instagram.com\/conservasramirez\/?hl=pt\",\"https:\/\/www.linkedin.com\/company\/ramirez-healthy-eating\/\"]}]}<\/script>\n<meta property=\"product:price:amount\" content=\"18.00\" \/>\n<meta property=\"product:price:currency\" content=\"EUR\" \/>\n<meta property=\"og:availability\" content=\"out of stock\" \/>\n<meta property=\"product:availability\" content=\"out of stock\" \/>\n<meta property=\"product:retailer_item_id\" content=\"D6RAM000012.1\" \/>\n<meta property=\"product:condition\" content=\"new\" \/>\n<!-- \/ Yoast SEO Premium plugin. -->","yoast_head_json":{"title":"Avental Vermelho - Ramirez Conservas | A mais antiga f\u00e1brica de conservas","robots":{"index":"index","follow":"follow","max-snippet":"max-snippet:-1","max-image-preview":"max-image-preview:large","max-video-preview":"max-video-preview:-1"},"canonical":"https:\/\/ramirez.pt\/novo\/produto\/avental-vermelho\/","og_locale":"pt_PT","og_type":"article","og_title":"Avental Vermelho","og_description":"\u00c9 a eleg\u00e2ncia e a funcionalidade em plena harmonia. E \u00e9 para a menina e para o menino! Assim \u00e9 o avental Ramirez\u2026  Est\u00e1 dispon\u00edvel em duas cores, para j\u00fabilo de todos os que est\u00e3o identificados com a nossa marca.  Com tecido de elevada durabilidade, s\u00e3o garantia de eleg\u00e2ncia. Na cozinha de casa, no churrasco com amigos ou at\u00e9 a trabalhar.","og_url":"https:\/\/ramirez.pt\/novo\/produto\/avental-vermelho\/","og_site_name":"Ramirez Conservas | A mais antiga f\u00e1brica de conservas","article_publisher":"https:\/\/www.facebook.com\/ramirez1853\/","article_modified_time":"2025-09-18T14:18:52+00:00","og_image":[{"width":800,"height":800,"url":"https:\/\/ramirez.pt\/novo\/wp-content\/uploads\/2023\/12\/avental-2.webp","type":"image\/webp"}],"twitter_card":"summary_large_image","twitter_misc":{"pre\u00e7o":"18,00&nbsp;&euro;","Disponibilidade":"Esgotado"},"schema":{"@context":"https:\/\/schema.org","@graph":[{"@type":"WebPage","@id":"https:\/\/ramirez.pt\/novo\/produto\/avental-vermelho\/","url":"https:\/\/ramirez.pt\/novo\/produto\/avental-vermelho\/","name":"Avental Vermelho - Ramirez Conservas | A mais antiga f\u00e1brica de conservas","isPartOf":{"@id":"https:\/\/ramirez.pt\/novo\/#website"},"primaryImageOfPage":{"@id":"https:\/\/ramirez.pt\/novo\/produto\/avental-vermelho\/#primaryimage"},"image":{"@id":"https:\/\/ramirez.pt\/novo\/produto\/avental-vermelho\/#primaryimage"},"thumbnailUrl":"https:\/\/ramirez.pt\/novo\/wp-content\/uploads\/2023\/12\/avental-2.webp","datePublished":"2023-12-19T10:08:15+00:00","dateModified":"2025-09-18T14:18:52+00:00","breadcrumb":{"@id":"https:\/\/ramirez.pt\/novo\/produto\/avental-vermelho\/#breadcrumb"},"inLanguage":"pt-PT","potentialAction":[{"@type":"ReadAction","target":["https:\/\/ramirez.pt\/novo\/produto\/avental-vermelho\/"]}]},{"@type":"ImageObject","inLanguage":"pt-PT","@id":"https:\/\/ramirez.pt\/novo\/produto\/avental-vermelho\/#primaryimage","url":"https:\/\/ramirez.pt\/novo\/wp-content\/uploads\/2023\/12\/avental-2.webp","contentUrl":"https:\/\/ramirez.pt\/novo\/wp-content\/uploads\/2023\/12\/avental-2.webp","width":800,"height":800},{"@type":"BreadcrumbList","@id":"https:\/\/ramirez.pt\/novo\/produto\/avental-vermelho\/#breadcrumb","itemListElement":[{"@type":"ListItem","position":1,"name":"In\u00edcio","item":"https:\/\/ramirez.pt\/novo\/"},{"@type":"ListItem","position":2,"name":"Loja Online","item":"https:\/\/ramirez.pt\/novo\/loja-online\/"},{"@type":"ListItem","position":3,"name":"Avental Vermelho"}]},{"@type":"WebSite","@id":"https:\/\/ramirez.pt\/novo\/#website","url":"https:\/\/ramirez.pt\/novo\/","name":"Ramirez Conservas | A mais antiga f\u00e1brica de conservas","description":"A mais antiga f\u00e1brica de conservas","publisher":{"@id":"https:\/\/ramirez.pt\/novo\/#organization"},"potentialAction":[{"@type":"SearchAction","target":{"@type":"EntryPoint","urlTemplate":"https:\/\/ramirez.pt\/novo\/?s={search_term_string}"},"query-input":{"@type":"PropertyValueSpecification","valueRequired":true,"valueName":"search_term_string"}}],"inLanguage":"pt-PT"},{"@type":"Organization","@id":"https:\/\/ramirez.pt\/novo\/#organization","name":"Ramirez Conservas | A mais antiga f\u00e1brica de conservas","url":"https:\/\/ramirez.pt\/novo\/","logo":{"@type":"ImageObject","inLanguage":"pt-PT","@id":"https:\/\/ramirez.pt\/novo\/#\/schema\/logo\/image\/","url":"https:\/\/ramirez.pt\/wp-content\/uploads\/2023\/06\/Logo-Ramirez-Geral-1.jpg","contentUrl":"https:\/\/ramirez.pt\/wp-content\/uploads\/2023\/06\/Logo-Ramirez-Geral-1.jpg","width":250,"height":254,"caption":"Ramirez Conservas | A mais antiga f\u00e1brica de conservas"},"image":{"@id":"https:\/\/ramirez.pt\/novo\/#\/schema\/logo\/image\/"},"sameAs":["https:\/\/www.facebook.com\/ramirez1853\/","https:\/\/www.instagram.com\/conservasramirez\/?hl=pt","https:\/\/www.linkedin.com\/company\/ramirez-healthy-eating\/"]}]},"product_price_amount":"18.00","product_price_currency":"EUR","og_availability":"out of stock","product_availability":"out of stock","product_retailer_item_id":"D6RAM000012.1","product_condition":"new"},"_links":{"self":[{"href":"https:\/\/ramirez.pt\/novo\/wp-json\/wp\/v2\/product\/24182","targetHints":{"allow":["GET"]}}],"collection":[{"href":"https:\/\/ramirez.pt\/novo\/wp-json\/wp\/v2\/product"}],"about":[{"href":"https:\/\/ramirez.pt\/novo\/wp-json\/wp\/v2\/types\/product"}],"replies":[{"embeddable":true,"href":"https:\/\/ramirez.pt\/novo\/wp-json\/wp\/v2\/comments?post=24182"}],"wp:featuredmedia":[{"embeddable":true,"href":"https:\/\/ramirez.pt\/novo\/wp-json\/wp\/v2\/media\/24185"}],"wp:attachment":[{"href":"https:\/\/ramirez.pt\/novo\/wp-json\/wp\/v2\/media?parent=24182"}],"wp:term":[{"taxonomy":"product_cat","embeddable":true,"href":"https:\/\/ramirez.pt\/novo\/wp-json\/wp\/v2\/product_cat?post=24182"},{"taxonomy":"product_tag","embeddable":true,"href":"https:\/\/ramirez.pt\/novo\/wp-json\/wp\/v2\/product_tag?post=24182"}],"curies":[{"name":"wp","href":"https:\/\/api.w.org\/{rel}","templated":true}]}}