{"id":23919,"date":"2023-11-29T18:05:22","date_gmt":"2023-11-29T18:05:22","guid":{"rendered":"https:\/\/ramirez.pt\/?post_type=product&#038;p=23919"},"modified":"2025-10-06T14:58:20","modified_gmt":"2025-10-06T14:58:20","slug":"sardinhas-em-azeite-virgem-extra-edicao-limitada","status":"publish","type":"product","link":"https:\/\/ramirez.pt\/novo\/produto\/sardinhas-em-azeite-virgem-extra-edicao-limitada\/","title":{"rendered":"Sardinhas em azeite virgem extra \u2013 EDI\u00c7\u00c3O LIMITADA!"},"content":{"rendered":"","protected":false},"excerpt":{"rendered":"<p>Como um vinho \u201cgrand cru\u201d, esta conserva de sardinha, perfumada em azeite extra virgem, \u00e9 de uma s\u00e9rie limitada, com denomina\u00e7\u00e3o de origem. Produzido com a melhor safra de Ver\u00e3o de sardinhas portuguesas e ingredientes premium, \u00e9 um produto de excep\u00e7\u00e3o, para ocasi\u00f5es especiais. Com um prazo de validade alargado adquire mais corpo e apura o sabor quanto maior for o seu tempo de lata.<\/p>\n","protected":false},"featured_media":23916,"comment_status":"open","ping_status":"closed","template":"","meta":{"_acf_changed":false,"_mi_skip_tracking":false},"product_cat":[565,558],"product_tag":[],"class_list":["post-23919","product","type-product","status-publish","has-post-thumbnail","hentry","product_cat-novidades","product_cat-sardinhas-sardinhas","pa_marcas-les-sublimes"],"acf":[],"yoast_head":"<!-- This site is optimized with the Yoast SEO Premium plugin v23.3 (Yoast SEO v23.7) - https:\/\/yoast.com\/wordpress\/plugins\/seo\/ -->\n<title>Sardinhas em azeite virgem extra \u2013 EDI\u00c7\u00c3O LIMITADA! - Ramirez Conservas | A mais antiga f\u00e1brica de conservas<\/title>\n<meta name=\"robots\" content=\"index, follow, max-snippet:-1, max-image-preview:large, max-video-preview:-1\" \/>\n<link rel=\"canonical\" href=\"https:\/\/ramirez.pt\/novo\/produto\/sardinhas-em-azeite-virgem-extra-edicao-limitada\/\" \/>\n<meta property=\"og:locale\" content=\"pt_PT\" \/>\n<meta property=\"og:type\" content=\"article\" \/>\n<meta property=\"og:title\" content=\"Sardinhas em azeite virgem extra \u2013 EDI\u00c7\u00c3O LIMITADA!\" \/>\n<meta property=\"og:description\" content=\"Como um vinho \u201cgrand cru\u201d, esta conserva de sardinha, perfumada em azeite extra virgem, \u00e9 de uma s\u00e9rie limitada, com denomina\u00e7\u00e3o de origem. Produzido com a melhor safra de Ver\u00e3o de sardinhas portuguesas e ingredientes premium, \u00e9 um produto de excep\u00e7\u00e3o, para ocasi\u00f5es especiais. Com um prazo de validade alargado adquire mais corpo e apura o sabor quanto maior for o seu tempo de lata.\" \/>\n<meta property=\"og:url\" content=\"https:\/\/ramirez.pt\/novo\/produto\/sardinhas-em-azeite-virgem-extra-edicao-limitada\/\" \/>\n<meta property=\"og:site_name\" content=\"Ramirez Conservas | A mais antiga f\u00e1brica de conservas\" \/>\n<meta property=\"article:publisher\" content=\"https:\/\/www.facebook.com\/ramirez1853\/\" \/>\n<meta property=\"article:modified_time\" content=\"2025-10-06T14:58:20+00:00\" \/>\n<meta property=\"og:image\" content=\"https:\/\/ramirez.pt\/novo\/wp-content\/uploads\/2023\/11\/les-sublimes-sardinhas-azeite-ve-sl.webp\" \/>\n\t<meta property=\"og:image:width\" content=\"800\" \/>\n\t<meta property=\"og:image:height\" content=\"800\" \/>\n\t<meta property=\"og:image:type\" content=\"image\/webp\" \/>\n<meta name=\"twitter:card\" content=\"summary_large_image\" \/>\n<meta name=\"twitter:label1\" content=\"pre\u00e7o\" \/>\n\t<meta name=\"twitter:data1\" content=\"23,53&nbsp;&euro;\" \/>\n\t<meta name=\"twitter:label2\" content=\"Disponibilidade\" \/>\n\t<meta name=\"twitter:data2\" content=\"Em stock\" \/>\n<script type=\"application\/ld+json\" class=\"yoast-schema-graph\">{\"@context\":\"https:\/\/schema.org\",\"@graph\":[{\"@type\":\"WebPage\",\"@id\":\"https:\/\/ramirez.pt\/novo\/produto\/sardinhas-em-azeite-virgem-extra-edicao-limitada\/\",\"url\":\"https:\/\/ramirez.pt\/novo\/produto\/sardinhas-em-azeite-virgem-extra-edicao-limitada\/\",\"name\":\"Sardinhas em azeite virgem extra \u2013 EDI\u00c7\u00c3O LIMITADA! - Ramirez Conservas | A mais antiga f\u00e1brica de conservas\",\"isPartOf\":{\"@id\":\"https:\/\/ramirez.pt\/novo\/#website\"},\"primaryImageOfPage\":{\"@id\":\"https:\/\/ramirez.pt\/novo\/produto\/sardinhas-em-azeite-virgem-extra-edicao-limitada\/#primaryimage\"},\"image\":{\"@id\":\"https:\/\/ramirez.pt\/novo\/produto\/sardinhas-em-azeite-virgem-extra-edicao-limitada\/#primaryimage\"},\"thumbnailUrl\":\"https:\/\/ramirez.pt\/novo\/wp-content\/uploads\/2023\/11\/les-sublimes-sardinhas-azeite-ve-sl.webp\",\"datePublished\":\"2023-11-29T18:05:22+00:00\",\"dateModified\":\"2025-10-06T14:58:20+00:00\",\"breadcrumb\":{\"@id\":\"https:\/\/ramirez.pt\/novo\/produto\/sardinhas-em-azeite-virgem-extra-edicao-limitada\/#breadcrumb\"},\"inLanguage\":\"pt-PT\",\"potentialAction\":[{\"@type\":\"ReadAction\",\"target\":[\"https:\/\/ramirez.pt\/novo\/produto\/sardinhas-em-azeite-virgem-extra-edicao-limitada\/\"]}]},{\"@type\":\"ImageObject\",\"inLanguage\":\"pt-PT\",\"@id\":\"https:\/\/ramirez.pt\/novo\/produto\/sardinhas-em-azeite-virgem-extra-edicao-limitada\/#primaryimage\",\"url\":\"https:\/\/ramirez.pt\/novo\/wp-content\/uploads\/2023\/11\/les-sublimes-sardinhas-azeite-ve-sl.webp\",\"contentUrl\":\"https:\/\/ramirez.pt\/novo\/wp-content\/uploads\/2023\/11\/les-sublimes-sardinhas-azeite-ve-sl.webp\",\"width\":800,\"height\":800,\"caption\":\"Les Sublimes Ramirez\"},{\"@type\":\"BreadcrumbList\",\"@id\":\"https:\/\/ramirez.pt\/novo\/produto\/sardinhas-em-azeite-virgem-extra-edicao-limitada\/#breadcrumb\",\"itemListElement\":[{\"@type\":\"ListItem\",\"position\":1,\"name\":\"In\u00edcio\",\"item\":\"https:\/\/ramirez.pt\/novo\/\"},{\"@type\":\"ListItem\",\"position\":2,\"name\":\"Loja Online\",\"item\":\"https:\/\/ramirez.pt\/novo\/loja-online\/\"},{\"@type\":\"ListItem\",\"position\":3,\"name\":\"Sardinhas em azeite virgem extra \u2013 EDI\u00c7\u00c3O LIMITADA!\"}]},{\"@type\":\"WebSite\",\"@id\":\"https:\/\/ramirez.pt\/novo\/#website\",\"url\":\"https:\/\/ramirez.pt\/novo\/\",\"name\":\"Ramirez Conservas | A mais antiga f\u00e1brica de conservas\",\"description\":\"A mais antiga f\u00e1brica de conservas\",\"publisher\":{\"@id\":\"https:\/\/ramirez.pt\/novo\/#organization\"},\"potentialAction\":[{\"@type\":\"SearchAction\",\"target\":{\"@type\":\"EntryPoint\",\"urlTemplate\":\"https:\/\/ramirez.pt\/novo\/?s={search_term_string}\"},\"query-input\":{\"@type\":\"PropertyValueSpecification\",\"valueRequired\":true,\"valueName\":\"search_term_string\"}}],\"inLanguage\":\"pt-PT\"},{\"@type\":\"Organization\",\"@id\":\"https:\/\/ramirez.pt\/novo\/#organization\",\"name\":\"Ramirez Conservas | A mais antiga f\u00e1brica de conservas\",\"url\":\"https:\/\/ramirez.pt\/novo\/\",\"logo\":{\"@type\":\"ImageObject\",\"inLanguage\":\"pt-PT\",\"@id\":\"https:\/\/ramirez.pt\/novo\/#\/schema\/logo\/image\/\",\"url\":\"https:\/\/ramirez.pt\/wp-content\/uploads\/2023\/06\/Logo-Ramirez-Geral-1.jpg\",\"contentUrl\":\"https:\/\/ramirez.pt\/wp-content\/uploads\/2023\/06\/Logo-Ramirez-Geral-1.jpg\",\"width\":250,\"height\":254,\"caption\":\"Ramirez Conservas | A mais antiga f\u00e1brica de conservas\"},\"image\":{\"@id\":\"https:\/\/ramirez.pt\/novo\/#\/schema\/logo\/image\/\"},\"sameAs\":[\"https:\/\/www.facebook.com\/ramirez1853\/\",\"https:\/\/www.instagram.com\/conservasramirez\/?hl=pt\",\"https:\/\/www.linkedin.com\/company\/ramirez-healthy-eating\/\"]}]}<\/script>\n<meta property=\"product:price:amount\" content=\"23.53\" \/>\n<meta property=\"product:price:currency\" content=\"EUR\" \/>\n<meta property=\"og:availability\" content=\"instock\" \/>\n<meta property=\"product:availability\" content=\"instock\" \/>\n<meta property=\"product:retailer_item_id\" content=\"P2LSB028622-4\" \/>\n<meta property=\"product:condition\" content=\"new\" \/>\n<!-- \/ Yoast SEO Premium plugin. -->","yoast_head_json":{"title":"Sardinhas em azeite virgem extra \u2013 EDI\u00c7\u00c3O LIMITADA! - Ramirez Conservas | A mais antiga f\u00e1brica de conservas","robots":{"index":"index","follow":"follow","max-snippet":"max-snippet:-1","max-image-preview":"max-image-preview:large","max-video-preview":"max-video-preview:-1"},"canonical":"https:\/\/ramirez.pt\/novo\/produto\/sardinhas-em-azeite-virgem-extra-edicao-limitada\/","og_locale":"pt_PT","og_type":"article","og_title":"Sardinhas em azeite virgem extra \u2013 EDI\u00c7\u00c3O LIMITADA!","og_description":"Como um vinho \u201cgrand cru\u201d, esta conserva de sardinha, perfumada em azeite extra virgem, \u00e9 de uma s\u00e9rie limitada, com denomina\u00e7\u00e3o de origem. Produzido com a melhor safra de Ver\u00e3o de sardinhas portuguesas e ingredientes premium, \u00e9 um produto de excep\u00e7\u00e3o, para ocasi\u00f5es especiais. Com um prazo de validade alargado adquire mais corpo e apura o sabor quanto maior for o seu tempo de lata.","og_url":"https:\/\/ramirez.pt\/novo\/produto\/sardinhas-em-azeite-virgem-extra-edicao-limitada\/","og_site_name":"Ramirez Conservas | A mais antiga f\u00e1brica de conservas","article_publisher":"https:\/\/www.facebook.com\/ramirez1853\/","article_modified_time":"2025-10-06T14:58:20+00:00","og_image":[{"width":800,"height":800,"url":"https:\/\/ramirez.pt\/novo\/wp-content\/uploads\/2023\/11\/les-sublimes-sardinhas-azeite-ve-sl.webp","type":"image\/webp"}],"twitter_card":"summary_large_image","twitter_misc":{"pre\u00e7o":"23,53&nbsp;&euro;","Disponibilidade":"Em stock"},"schema":{"@context":"https:\/\/schema.org","@graph":[{"@type":"WebPage","@id":"https:\/\/ramirez.pt\/novo\/produto\/sardinhas-em-azeite-virgem-extra-edicao-limitada\/","url":"https:\/\/ramirez.pt\/novo\/produto\/sardinhas-em-azeite-virgem-extra-edicao-limitada\/","name":"Sardinhas em azeite virgem extra \u2013 EDI\u00c7\u00c3O LIMITADA! - Ramirez Conservas | A mais antiga f\u00e1brica de conservas","isPartOf":{"@id":"https:\/\/ramirez.pt\/novo\/#website"},"primaryImageOfPage":{"@id":"https:\/\/ramirez.pt\/novo\/produto\/sardinhas-em-azeite-virgem-extra-edicao-limitada\/#primaryimage"},"image":{"@id":"https:\/\/ramirez.pt\/novo\/produto\/sardinhas-em-azeite-virgem-extra-edicao-limitada\/#primaryimage"},"thumbnailUrl":"https:\/\/ramirez.pt\/novo\/wp-content\/uploads\/2023\/11\/les-sublimes-sardinhas-azeite-ve-sl.webp","datePublished":"2023-11-29T18:05:22+00:00","dateModified":"2025-10-06T14:58:20+00:00","breadcrumb":{"@id":"https:\/\/ramirez.pt\/novo\/produto\/sardinhas-em-azeite-virgem-extra-edicao-limitada\/#breadcrumb"},"inLanguage":"pt-PT","potentialAction":[{"@type":"ReadAction","target":["https:\/\/ramirez.pt\/novo\/produto\/sardinhas-em-azeite-virgem-extra-edicao-limitada\/"]}]},{"@type":"ImageObject","inLanguage":"pt-PT","@id":"https:\/\/ramirez.pt\/novo\/produto\/sardinhas-em-azeite-virgem-extra-edicao-limitada\/#primaryimage","url":"https:\/\/ramirez.pt\/novo\/wp-content\/uploads\/2023\/11\/les-sublimes-sardinhas-azeite-ve-sl.webp","contentUrl":"https:\/\/ramirez.pt\/novo\/wp-content\/uploads\/2023\/11\/les-sublimes-sardinhas-azeite-ve-sl.webp","width":800,"height":800,"caption":"Les Sublimes Ramirez"},{"@type":"BreadcrumbList","@id":"https:\/\/ramirez.pt\/novo\/produto\/sardinhas-em-azeite-virgem-extra-edicao-limitada\/#breadcrumb","itemListElement":[{"@type":"ListItem","position":1,"name":"In\u00edcio","item":"https:\/\/ramirez.pt\/novo\/"},{"@type":"ListItem","position":2,"name":"Loja Online","item":"https:\/\/ramirez.pt\/novo\/loja-online\/"},{"@type":"ListItem","position":3,"name":"Sardinhas em azeite virgem extra \u2013 EDI\u00c7\u00c3O LIMITADA!"}]},{"@type":"WebSite","@id":"https:\/\/ramirez.pt\/novo\/#website","url":"https:\/\/ramirez.pt\/novo\/","name":"Ramirez Conservas | A mais antiga f\u00e1brica de conservas","description":"A mais antiga f\u00e1brica de conservas","publisher":{"@id":"https:\/\/ramirez.pt\/novo\/#organization"},"potentialAction":[{"@type":"SearchAction","target":{"@type":"EntryPoint","urlTemplate":"https:\/\/ramirez.pt\/novo\/?s={search_term_string}"},"query-input":{"@type":"PropertyValueSpecification","valueRequired":true,"valueName":"search_term_string"}}],"inLanguage":"pt-PT"},{"@type":"Organization","@id":"https:\/\/ramirez.pt\/novo\/#organization","name":"Ramirez Conservas | A mais antiga f\u00e1brica de conservas","url":"https:\/\/ramirez.pt\/novo\/","logo":{"@type":"ImageObject","inLanguage":"pt-PT","@id":"https:\/\/ramirez.pt\/novo\/#\/schema\/logo\/image\/","url":"https:\/\/ramirez.pt\/wp-content\/uploads\/2023\/06\/Logo-Ramirez-Geral-1.jpg","contentUrl":"https:\/\/ramirez.pt\/wp-content\/uploads\/2023\/06\/Logo-Ramirez-Geral-1.jpg","width":250,"height":254,"caption":"Ramirez Conservas | A mais antiga f\u00e1brica de conservas"},"image":{"@id":"https:\/\/ramirez.pt\/novo\/#\/schema\/logo\/image\/"},"sameAs":["https:\/\/www.facebook.com\/ramirez1853\/","https:\/\/www.instagram.com\/conservasramirez\/?hl=pt","https:\/\/www.linkedin.com\/company\/ramirez-healthy-eating\/"]}]},"product_price_amount":"23.53","product_price_currency":"EUR","og_availability":"instock","product_availability":"instock","product_retailer_item_id":"P2LSB028622-4","product_condition":"new"},"_links":{"self":[{"href":"https:\/\/ramirez.pt\/novo\/wp-json\/wp\/v2\/product\/23919","targetHints":{"allow":["GET"]}}],"collection":[{"href":"https:\/\/ramirez.pt\/novo\/wp-json\/wp\/v2\/product"}],"about":[{"href":"https:\/\/ramirez.pt\/novo\/wp-json\/wp\/v2\/types\/product"}],"replies":[{"embeddable":true,"href":"https:\/\/ramirez.pt\/novo\/wp-json\/wp\/v2\/comments?post=23919"}],"wp:featuredmedia":[{"embeddable":true,"href":"https:\/\/ramirez.pt\/novo\/wp-json\/wp\/v2\/media\/23916"}],"wp:attachment":[{"href":"https:\/\/ramirez.pt\/novo\/wp-json\/wp\/v2\/media?parent=23919"}],"wp:term":[{"taxonomy":"product_cat","embeddable":true,"href":"https:\/\/ramirez.pt\/novo\/wp-json\/wp\/v2\/product_cat?post=23919"},{"taxonomy":"product_tag","embeddable":true,"href":"https:\/\/ramirez.pt\/novo\/wp-json\/wp\/v2\/product_tag?post=23919"}],"curies":[{"name":"wp","href":"https:\/\/api.w.org\/{rel}","templated":true}]}}