{"id":23456,"date":"2023-11-03T17:08:13","date_gmt":"2023-11-03T17:08:13","guid":{"rendered":"https:\/\/ramirez.pt\/?post_type=product&#038;p=23456"},"modified":"2025-08-31T06:40:41","modified_gmt":"2025-08-31T06:40:41","slug":"caixa-de-madeira-com-5-sardinhas-125g","status":"publish","type":"product","link":"https:\/\/ramirez.pt\/novo\/produto\/caixa-de-madeira-com-5-sardinhas-125g\/","title":{"rendered":"5 sardinhas Portuguesas x 125g em Caixa de Madeira"},"content":{"rendered":"","protected":false},"excerpt":{"rendered":"<p>Olha a sardiiiiiinha. Boa, bela\u2026 em conserva! E para todos os gostos.<br \/>\nNum pack de prest\u00edgio, cinco suculentas propostas, em fun\u00e7\u00e3o do molho de cobertura: \u00f3leo, \u00f3leo picante, tomate, tomate picante e azeite.<br \/>\nOlha que rica\u2026 prendinha!<br \/>\nOfere\u00e7a qualidade. Ofere\u00e7a sa\u00fade. Ofere\u00e7a sabor. Ofere\u00e7a Ramirez.<\/p>\n<p><strong>Conte\u00fado:<\/strong><br \/>\n&#8211; Sardinhas portuguesas em azeite 125g<br \/>\n&#8211; Sardinhas portuguesas em tomate 125g<br \/>\n&#8211; Sardinhas portuguesas em tomate com piripiri 125g<br \/>\n&#8211; Sardinhas portuguesas em \u00f3leo vegetal 125g<br \/>\n&#8211; Sardinhas portuguesas em \u00f3leo vegetal com piripiri 125g<\/p>\n","protected":false},"featured_media":23455,"comment_status":"open","ping_status":"closed","template":"","meta":{"_acf_changed":false,"_mi_skip_tracking":false},"product_cat":[565,535],"product_tag":[],"class_list":["post-23456","product","type-product","status-publish","has-post-thumbnail","hentry","product_cat-novidades","product_cat-packs-de-oferta"],"acf":[],"yoast_head":"<!-- This site is optimized with the Yoast SEO Premium plugin v23.3 (Yoast SEO v23.7) - https:\/\/yoast.com\/wordpress\/plugins\/seo\/ -->\n<title>5 sardinhas Portuguesas x 125g em Caixa de Madeira - Ramirez Conservas | A mais antiga f\u00e1brica de conservas<\/title>\n<meta name=\"robots\" content=\"index, follow, max-snippet:-1, max-image-preview:large, max-video-preview:-1\" \/>\n<link rel=\"canonical\" href=\"https:\/\/ramirez.pt\/novo\/produto\/caixa-de-madeira-com-5-sardinhas-125g\/\" \/>\n<meta property=\"og:locale\" content=\"pt_PT\" \/>\n<meta property=\"og:type\" content=\"article\" \/>\n<meta property=\"og:title\" content=\"5 sardinhas Portuguesas x 125g em Caixa de Madeira\" \/>\n<meta property=\"og:description\" content=\"Olha a sardiiiiiinha. Boa, bela\u2026 em conserva! E para todos os gostos. Num pack de prest\u00edgio, cinco suculentas propostas, em fun\u00e7\u00e3o do molho de cobertura: \u00f3leo, \u00f3leo picante, tomate, tomate picante e azeite. Olha que rica\u2026 prendinha! Ofere\u00e7a qualidade. Ofere\u00e7a sa\u00fade. Ofere\u00e7a sabor. Ofere\u00e7a Ramirez.  Conte\u00fado: - Sardinhas portuguesas em azeite 125g - Sardinhas portuguesas em tomate 125g - Sardinhas portuguesas em tomate com piripiri 125g - Sardinhas portuguesas em \u00f3leo vegetal 125g - Sardinhas portuguesas em \u00f3leo vegetal com piripiri 125g\" \/>\n<meta property=\"og:url\" content=\"https:\/\/ramirez.pt\/novo\/produto\/caixa-de-madeira-com-5-sardinhas-125g\/\" \/>\n<meta property=\"og:site_name\" content=\"Ramirez Conservas | A mais antiga f\u00e1brica de conservas\" \/>\n<meta property=\"article:publisher\" content=\"https:\/\/www.facebook.com\/ramirez1853\/\" \/>\n<meta property=\"article:modified_time\" content=\"2025-08-31T06:40:41+00:00\" \/>\n<meta property=\"og:image\" content=\"https:\/\/ramirez.pt\/novo\/wp-content\/uploads\/2023\/11\/ramirez-caixa-pack-5-sardinhas-3.webp\" \/>\n\t<meta property=\"og:image:width\" content=\"800\" \/>\n\t<meta property=\"og:image:height\" content=\"800\" \/>\n\t<meta property=\"og:image:type\" content=\"image\/webp\" \/>\n<meta name=\"twitter:card\" content=\"summary_large_image\" \/>\n<meta name=\"twitter:label1\" content=\"pre\u00e7o\" \/>\n\t<meta name=\"twitter:data1\" content=\"14,12&nbsp;&euro;\" \/>\n\t<meta name=\"twitter:label2\" content=\"Disponibilidade\" \/>\n\t<meta name=\"twitter:data2\" content=\"Em stock\" \/>\n<script type=\"application\/ld+json\" class=\"yoast-schema-graph\">{\"@context\":\"https:\/\/schema.org\",\"@graph\":[{\"@type\":\"WebPage\",\"@id\":\"https:\/\/ramirez.pt\/novo\/produto\/caixa-de-madeira-com-5-sardinhas-125g\/\",\"url\":\"https:\/\/ramirez.pt\/novo\/produto\/caixa-de-madeira-com-5-sardinhas-125g\/\",\"name\":\"5 sardinhas Portuguesas x 125g em Caixa de Madeira - Ramirez Conservas | A mais antiga f\u00e1brica de conservas\",\"isPartOf\":{\"@id\":\"https:\/\/ramirez.pt\/novo\/#website\"},\"primaryImageOfPage\":{\"@id\":\"https:\/\/ramirez.pt\/novo\/produto\/caixa-de-madeira-com-5-sardinhas-125g\/#primaryimage\"},\"image\":{\"@id\":\"https:\/\/ramirez.pt\/novo\/produto\/caixa-de-madeira-com-5-sardinhas-125g\/#primaryimage\"},\"thumbnailUrl\":\"https:\/\/ramirez.pt\/novo\/wp-content\/uploads\/2023\/11\/ramirez-caixa-pack-5-sardinhas-3.webp\",\"datePublished\":\"2023-11-03T17:08:13+00:00\",\"dateModified\":\"2025-08-31T06:40:41+00:00\",\"breadcrumb\":{\"@id\":\"https:\/\/ramirez.pt\/novo\/produto\/caixa-de-madeira-com-5-sardinhas-125g\/#breadcrumb\"},\"inLanguage\":\"pt-PT\",\"potentialAction\":[{\"@type\":\"ReadAction\",\"target\":[\"https:\/\/ramirez.pt\/novo\/produto\/caixa-de-madeira-com-5-sardinhas-125g\/\"]}]},{\"@type\":\"ImageObject\",\"inLanguage\":\"pt-PT\",\"@id\":\"https:\/\/ramirez.pt\/novo\/produto\/caixa-de-madeira-com-5-sardinhas-125g\/#primaryimage\",\"url\":\"https:\/\/ramirez.pt\/novo\/wp-content\/uploads\/2023\/11\/ramirez-caixa-pack-5-sardinhas-3.webp\",\"contentUrl\":\"https:\/\/ramirez.pt\/novo\/wp-content\/uploads\/2023\/11\/ramirez-caixa-pack-5-sardinhas-3.webp\",\"width\":800,\"height\":800,\"caption\":\"Caixa de madeira com 5 sardinhas\"},{\"@type\":\"BreadcrumbList\",\"@id\":\"https:\/\/ramirez.pt\/novo\/produto\/caixa-de-madeira-com-5-sardinhas-125g\/#breadcrumb\",\"itemListElement\":[{\"@type\":\"ListItem\",\"position\":1,\"name\":\"In\u00edcio\",\"item\":\"https:\/\/ramirez.pt\/novo\/\"},{\"@type\":\"ListItem\",\"position\":2,\"name\":\"Loja Online\",\"item\":\"https:\/\/ramirez.pt\/novo\/loja-online\/\"},{\"@type\":\"ListItem\",\"position\":3,\"name\":\"5 sardinhas Portuguesas x 125g em Caixa de Madeira\"}]},{\"@type\":\"WebSite\",\"@id\":\"https:\/\/ramirez.pt\/novo\/#website\",\"url\":\"https:\/\/ramirez.pt\/novo\/\",\"name\":\"Ramirez Conservas | A mais antiga f\u00e1brica de conservas\",\"description\":\"A mais antiga f\u00e1brica de conservas\",\"publisher\":{\"@id\":\"https:\/\/ramirez.pt\/novo\/#organization\"},\"potentialAction\":[{\"@type\":\"SearchAction\",\"target\":{\"@type\":\"EntryPoint\",\"urlTemplate\":\"https:\/\/ramirez.pt\/novo\/?s={search_term_string}\"},\"query-input\":{\"@type\":\"PropertyValueSpecification\",\"valueRequired\":true,\"valueName\":\"search_term_string\"}}],\"inLanguage\":\"pt-PT\"},{\"@type\":\"Organization\",\"@id\":\"https:\/\/ramirez.pt\/novo\/#organization\",\"name\":\"Ramirez Conservas | A mais antiga f\u00e1brica de conservas\",\"url\":\"https:\/\/ramirez.pt\/novo\/\",\"logo\":{\"@type\":\"ImageObject\",\"inLanguage\":\"pt-PT\",\"@id\":\"https:\/\/ramirez.pt\/novo\/#\/schema\/logo\/image\/\",\"url\":\"https:\/\/ramirez.pt\/wp-content\/uploads\/2023\/06\/Logo-Ramirez-Geral-1.jpg\",\"contentUrl\":\"https:\/\/ramirez.pt\/wp-content\/uploads\/2023\/06\/Logo-Ramirez-Geral-1.jpg\",\"width\":250,\"height\":254,\"caption\":\"Ramirez Conservas | A mais antiga f\u00e1brica de conservas\"},\"image\":{\"@id\":\"https:\/\/ramirez.pt\/novo\/#\/schema\/logo\/image\/\"},\"sameAs\":[\"https:\/\/www.facebook.com\/ramirez1853\/\",\"https:\/\/www.instagram.com\/conservasramirez\/?hl=pt\",\"https:\/\/www.linkedin.com\/company\/ramirez-healthy-eating\/\"]}]}<\/script>\n<meta property=\"product:price:amount\" content=\"14.12\" \/>\n<meta property=\"product:price:currency\" content=\"EUR\" \/>\n<meta property=\"og:availability\" content=\"instock\" \/>\n<meta property=\"product:availability\" content=\"instock\" \/>\n<meta property=\"product:retailer_item_id\" content=\"P2RAM9002051\" \/>\n<meta property=\"product:condition\" content=\"new\" \/>\n<!-- \/ Yoast SEO Premium plugin. -->","yoast_head_json":{"title":"5 sardinhas Portuguesas x 125g em Caixa de Madeira - Ramirez Conservas | A mais antiga f\u00e1brica de conservas","robots":{"index":"index","follow":"follow","max-snippet":"max-snippet:-1","max-image-preview":"max-image-preview:large","max-video-preview":"max-video-preview:-1"},"canonical":"https:\/\/ramirez.pt\/novo\/produto\/caixa-de-madeira-com-5-sardinhas-125g\/","og_locale":"pt_PT","og_type":"article","og_title":"5 sardinhas Portuguesas x 125g em Caixa de Madeira","og_description":"Olha a sardiiiiiinha. Boa, bela\u2026 em conserva! E para todos os gostos. Num pack de prest\u00edgio, cinco suculentas propostas, em fun\u00e7\u00e3o do molho de cobertura: \u00f3leo, \u00f3leo picante, tomate, tomate picante e azeite. Olha que rica\u2026 prendinha! Ofere\u00e7a qualidade. Ofere\u00e7a sa\u00fade. Ofere\u00e7a sabor. Ofere\u00e7a Ramirez.  Conte\u00fado: - Sardinhas portuguesas em azeite 125g - Sardinhas portuguesas em tomate 125g - Sardinhas portuguesas em tomate com piripiri 125g - Sardinhas portuguesas em \u00f3leo vegetal 125g - Sardinhas portuguesas em \u00f3leo vegetal com piripiri 125g","og_url":"https:\/\/ramirez.pt\/novo\/produto\/caixa-de-madeira-com-5-sardinhas-125g\/","og_site_name":"Ramirez Conservas | A mais antiga f\u00e1brica de conservas","article_publisher":"https:\/\/www.facebook.com\/ramirez1853\/","article_modified_time":"2025-08-31T06:40:41+00:00","og_image":[{"width":800,"height":800,"url":"https:\/\/ramirez.pt\/novo\/wp-content\/uploads\/2023\/11\/ramirez-caixa-pack-5-sardinhas-3.webp","type":"image\/webp"}],"twitter_card":"summary_large_image","twitter_misc":{"pre\u00e7o":"14,12&nbsp;&euro;","Disponibilidade":"Em stock"},"schema":{"@context":"https:\/\/schema.org","@graph":[{"@type":"WebPage","@id":"https:\/\/ramirez.pt\/novo\/produto\/caixa-de-madeira-com-5-sardinhas-125g\/","url":"https:\/\/ramirez.pt\/novo\/produto\/caixa-de-madeira-com-5-sardinhas-125g\/","name":"5 sardinhas Portuguesas x 125g em Caixa de Madeira - Ramirez Conservas | A mais antiga f\u00e1brica de conservas","isPartOf":{"@id":"https:\/\/ramirez.pt\/novo\/#website"},"primaryImageOfPage":{"@id":"https:\/\/ramirez.pt\/novo\/produto\/caixa-de-madeira-com-5-sardinhas-125g\/#primaryimage"},"image":{"@id":"https:\/\/ramirez.pt\/novo\/produto\/caixa-de-madeira-com-5-sardinhas-125g\/#primaryimage"},"thumbnailUrl":"https:\/\/ramirez.pt\/novo\/wp-content\/uploads\/2023\/11\/ramirez-caixa-pack-5-sardinhas-3.webp","datePublished":"2023-11-03T17:08:13+00:00","dateModified":"2025-08-31T06:40:41+00:00","breadcrumb":{"@id":"https:\/\/ramirez.pt\/novo\/produto\/caixa-de-madeira-com-5-sardinhas-125g\/#breadcrumb"},"inLanguage":"pt-PT","potentialAction":[{"@type":"ReadAction","target":["https:\/\/ramirez.pt\/novo\/produto\/caixa-de-madeira-com-5-sardinhas-125g\/"]}]},{"@type":"ImageObject","inLanguage":"pt-PT","@id":"https:\/\/ramirez.pt\/novo\/produto\/caixa-de-madeira-com-5-sardinhas-125g\/#primaryimage","url":"https:\/\/ramirez.pt\/novo\/wp-content\/uploads\/2023\/11\/ramirez-caixa-pack-5-sardinhas-3.webp","contentUrl":"https:\/\/ramirez.pt\/novo\/wp-content\/uploads\/2023\/11\/ramirez-caixa-pack-5-sardinhas-3.webp","width":800,"height":800,"caption":"Caixa de madeira com 5 sardinhas"},{"@type":"BreadcrumbList","@id":"https:\/\/ramirez.pt\/novo\/produto\/caixa-de-madeira-com-5-sardinhas-125g\/#breadcrumb","itemListElement":[{"@type":"ListItem","position":1,"name":"In\u00edcio","item":"https:\/\/ramirez.pt\/novo\/"},{"@type":"ListItem","position":2,"name":"Loja Online","item":"https:\/\/ramirez.pt\/novo\/loja-online\/"},{"@type":"ListItem","position":3,"name":"5 sardinhas Portuguesas x 125g em Caixa de Madeira"}]},{"@type":"WebSite","@id":"https:\/\/ramirez.pt\/novo\/#website","url":"https:\/\/ramirez.pt\/novo\/","name":"Ramirez Conservas | A mais antiga f\u00e1brica de conservas","description":"A mais antiga f\u00e1brica de conservas","publisher":{"@id":"https:\/\/ramirez.pt\/novo\/#organization"},"potentialAction":[{"@type":"SearchAction","target":{"@type":"EntryPoint","urlTemplate":"https:\/\/ramirez.pt\/novo\/?s={search_term_string}"},"query-input":{"@type":"PropertyValueSpecification","valueRequired":true,"valueName":"search_term_string"}}],"inLanguage":"pt-PT"},{"@type":"Organization","@id":"https:\/\/ramirez.pt\/novo\/#organization","name":"Ramirez Conservas | A mais antiga f\u00e1brica de conservas","url":"https:\/\/ramirez.pt\/novo\/","logo":{"@type":"ImageObject","inLanguage":"pt-PT","@id":"https:\/\/ramirez.pt\/novo\/#\/schema\/logo\/image\/","url":"https:\/\/ramirez.pt\/wp-content\/uploads\/2023\/06\/Logo-Ramirez-Geral-1.jpg","contentUrl":"https:\/\/ramirez.pt\/wp-content\/uploads\/2023\/06\/Logo-Ramirez-Geral-1.jpg","width":250,"height":254,"caption":"Ramirez Conservas | A mais antiga f\u00e1brica de conservas"},"image":{"@id":"https:\/\/ramirez.pt\/novo\/#\/schema\/logo\/image\/"},"sameAs":["https:\/\/www.facebook.com\/ramirez1853\/","https:\/\/www.instagram.com\/conservasramirez\/?hl=pt","https:\/\/www.linkedin.com\/company\/ramirez-healthy-eating\/"]}]},"product_price_amount":"14.12","product_price_currency":"EUR","og_availability":"instock","product_availability":"instock","product_retailer_item_id":"P2RAM9002051","product_condition":"new"},"_links":{"self":[{"href":"https:\/\/ramirez.pt\/novo\/wp-json\/wp\/v2\/product\/23456","targetHints":{"allow":["GET"]}}],"collection":[{"href":"https:\/\/ramirez.pt\/novo\/wp-json\/wp\/v2\/product"}],"about":[{"href":"https:\/\/ramirez.pt\/novo\/wp-json\/wp\/v2\/types\/product"}],"replies":[{"embeddable":true,"href":"https:\/\/ramirez.pt\/novo\/wp-json\/wp\/v2\/comments?post=23456"}],"wp:featuredmedia":[{"embeddable":true,"href":"https:\/\/ramirez.pt\/novo\/wp-json\/wp\/v2\/media\/23455"}],"wp:attachment":[{"href":"https:\/\/ramirez.pt\/novo\/wp-json\/wp\/v2\/media?parent=23456"}],"wp:term":[{"taxonomy":"product_cat","embeddable":true,"href":"https:\/\/ramirez.pt\/novo\/wp-json\/wp\/v2\/product_cat?post=23456"},{"taxonomy":"product_tag","embeddable":true,"href":"https:\/\/ramirez.pt\/novo\/wp-json\/wp\/v2\/product_tag?post=23456"}],"curies":[{"name":"wp","href":"https:\/\/api.w.org\/{rel}","templated":true}]}}