{"id":23214,"date":"2023-09-22T11:34:34","date_gmt":"2023-09-22T11:34:34","guid":{"rendered":"https:\/\/ramirez.pt\/?post_type=product&#038;p=23214"},"modified":"2025-10-06T10:27:13","modified_gmt":"2025-10-06T10:27:13","slug":"salmao-em-azeite","status":"publish","type":"product","link":"https:\/\/ramirez.pt\/novo\/produto\/salmao-em-azeite\/","title":{"rendered":"Salm\u00e3o em azeite"},"content":{"rendered":"","protected":false},"excerpt":{"rendered":"<p>Com um sabor \u00fanico e delicado, que o diferencia de todos os outros peixes gordos, o salm\u00e3o \u00e9 consensual na gastronomia mundial. Em conserva e temperado em azeite, um \u00f3leo vegetal natural com reconhecidos benef\u00edcios para a sa\u00fade, o salm\u00e3o refor\u00e7a os seus naturais contributos para a boa sa\u00fade cardiovascular, no fortalecimento do c\u00e9rebro e na redu\u00e7\u00e3o da inflama\u00e7\u00e3o. Tamb\u00e9m facilita o emagrecimento e retarda o envelhecimento da pele.<\/p>\n","protected":false},"featured_media":23215,"comment_status":"open","ping_status":"closed","template":"","meta":{"_acf_changed":false,"_mi_skip_tracking":false},"product_cat":[565,539,555],"product_tag":[],"class_list":["post-23214","product","type-product","status-publish","has-post-thumbnail","hentry","product_cat-novidades","product_cat-especialidades","product_cat-salmao","pa_marcas-ramirez"],"acf":[],"yoast_head":"<!-- This site is optimized with the Yoast SEO Premium plugin v23.3 (Yoast SEO v23.7) - https:\/\/yoast.com\/wordpress\/plugins\/seo\/ -->\n<title>Salm\u00e3o em azeite - Ramirez Conservas | A mais antiga f\u00e1brica de conservas<\/title>\n<meta name=\"robots\" content=\"index, follow, max-snippet:-1, max-image-preview:large, max-video-preview:-1\" \/>\n<link rel=\"canonical\" href=\"https:\/\/ramirez.pt\/novo\/produto\/salmao-em-azeite\/\" \/>\n<meta property=\"og:locale\" content=\"pt_PT\" \/>\n<meta property=\"og:type\" content=\"article\" \/>\n<meta property=\"og:title\" content=\"Salm\u00e3o em azeite\" \/>\n<meta property=\"og:description\" content=\"Com um sabor \u00fanico e delicado, que o diferencia de todos os outros peixes gordos, o salm\u00e3o \u00e9 consensual na gastronomia mundial. Em conserva e temperado em azeite, um \u00f3leo vegetal natural com reconhecidos benef\u00edcios para a sa\u00fade, o salm\u00e3o refor\u00e7a os seus naturais contributos para a boa sa\u00fade cardiovascular, no fortalecimento do c\u00e9rebro e na redu\u00e7\u00e3o da inflama\u00e7\u00e3o. Tamb\u00e9m facilita o emagrecimento e retarda o envelhecimento da pele.\" \/>\n<meta property=\"og:url\" content=\"https:\/\/ramirez.pt\/novo\/produto\/salmao-em-azeite\/\" \/>\n<meta property=\"og:site_name\" content=\"Ramirez Conservas | A mais antiga f\u00e1brica de conservas\" \/>\n<meta property=\"article:publisher\" content=\"https:\/\/www.facebook.com\/ramirez1853\/\" \/>\n<meta property=\"article:modified_time\" content=\"2025-10-06T10:27:13+00:00\" \/>\n<meta property=\"og:image\" content=\"https:\/\/ramirez.pt\/novo\/wp-content\/uploads\/2023\/09\/ramirez-salmao-azeite.webp\" \/>\n\t<meta property=\"og:image:width\" content=\"800\" \/>\n\t<meta property=\"og:image:height\" content=\"800\" \/>\n\t<meta property=\"og:image:type\" content=\"image\/webp\" \/>\n<meta name=\"twitter:card\" content=\"summary_large_image\" \/>\n<meta name=\"twitter:label1\" content=\"pre\u00e7o\" \/>\n\t<meta name=\"twitter:data1\" content=\"17,46&nbsp;&euro;\" \/>\n\t<meta name=\"twitter:label2\" content=\"Disponibilidade\" \/>\n\t<meta name=\"twitter:data2\" content=\"Em stock\" \/>\n<script type=\"application\/ld+json\" class=\"yoast-schema-graph\">{\"@context\":\"https:\/\/schema.org\",\"@graph\":[{\"@type\":\"WebPage\",\"@id\":\"https:\/\/ramirez.pt\/novo\/produto\/salmao-em-azeite\/\",\"url\":\"https:\/\/ramirez.pt\/novo\/produto\/salmao-em-azeite\/\",\"name\":\"Salm\u00e3o em azeite - Ramirez Conservas | A mais antiga f\u00e1brica de conservas\",\"isPartOf\":{\"@id\":\"https:\/\/ramirez.pt\/novo\/#website\"},\"primaryImageOfPage\":{\"@id\":\"https:\/\/ramirez.pt\/novo\/produto\/salmao-em-azeite\/#primaryimage\"},\"image\":{\"@id\":\"https:\/\/ramirez.pt\/novo\/produto\/salmao-em-azeite\/#primaryimage\"},\"thumbnailUrl\":\"https:\/\/ramirez.pt\/novo\/wp-content\/uploads\/2023\/09\/ramirez-salmao-azeite.webp\",\"datePublished\":\"2023-09-22T11:34:34+00:00\",\"dateModified\":\"2025-10-06T10:27:13+00:00\",\"breadcrumb\":{\"@id\":\"https:\/\/ramirez.pt\/novo\/produto\/salmao-em-azeite\/#breadcrumb\"},\"inLanguage\":\"pt-PT\",\"potentialAction\":[{\"@type\":\"ReadAction\",\"target\":[\"https:\/\/ramirez.pt\/novo\/produto\/salmao-em-azeite\/\"]}]},{\"@type\":\"ImageObject\",\"inLanguage\":\"pt-PT\",\"@id\":\"https:\/\/ramirez.pt\/novo\/produto\/salmao-em-azeite\/#primaryimage\",\"url\":\"https:\/\/ramirez.pt\/novo\/wp-content\/uploads\/2023\/09\/ramirez-salmao-azeite.webp\",\"contentUrl\":\"https:\/\/ramirez.pt\/novo\/wp-content\/uploads\/2023\/09\/ramirez-salmao-azeite.webp\",\"width\":800,\"height\":800,\"caption\":\"Salm\u00e3o em azeite Ramirez\"},{\"@type\":\"BreadcrumbList\",\"@id\":\"https:\/\/ramirez.pt\/novo\/produto\/salmao-em-azeite\/#breadcrumb\",\"itemListElement\":[{\"@type\":\"ListItem\",\"position\":1,\"name\":\"In\u00edcio\",\"item\":\"https:\/\/ramirez.pt\/novo\/\"},{\"@type\":\"ListItem\",\"position\":2,\"name\":\"Loja Online\",\"item\":\"https:\/\/ramirez.pt\/novo\/loja-online\/\"},{\"@type\":\"ListItem\",\"position\":3,\"name\":\"Salm\u00e3o em azeite\"}]},{\"@type\":\"WebSite\",\"@id\":\"https:\/\/ramirez.pt\/novo\/#website\",\"url\":\"https:\/\/ramirez.pt\/novo\/\",\"name\":\"Ramirez Conservas | A mais antiga f\u00e1brica de conservas\",\"description\":\"A mais antiga f\u00e1brica de conservas\",\"publisher\":{\"@id\":\"https:\/\/ramirez.pt\/novo\/#organization\"},\"potentialAction\":[{\"@type\":\"SearchAction\",\"target\":{\"@type\":\"EntryPoint\",\"urlTemplate\":\"https:\/\/ramirez.pt\/novo\/?s={search_term_string}\"},\"query-input\":{\"@type\":\"PropertyValueSpecification\",\"valueRequired\":true,\"valueName\":\"search_term_string\"}}],\"inLanguage\":\"pt-PT\"},{\"@type\":\"Organization\",\"@id\":\"https:\/\/ramirez.pt\/novo\/#organization\",\"name\":\"Ramirez Conservas | A mais antiga f\u00e1brica de conservas\",\"url\":\"https:\/\/ramirez.pt\/novo\/\",\"logo\":{\"@type\":\"ImageObject\",\"inLanguage\":\"pt-PT\",\"@id\":\"https:\/\/ramirez.pt\/novo\/#\/schema\/logo\/image\/\",\"url\":\"https:\/\/ramirez.pt\/wp-content\/uploads\/2023\/06\/Logo-Ramirez-Geral-1.jpg\",\"contentUrl\":\"https:\/\/ramirez.pt\/wp-content\/uploads\/2023\/06\/Logo-Ramirez-Geral-1.jpg\",\"width\":250,\"height\":254,\"caption\":\"Ramirez Conservas | A mais antiga f\u00e1brica de conservas\"},\"image\":{\"@id\":\"https:\/\/ramirez.pt\/novo\/#\/schema\/logo\/image\/\"},\"sameAs\":[\"https:\/\/www.facebook.com\/ramirez1853\/\",\"https:\/\/www.instagram.com\/conservasramirez\/?hl=pt\",\"https:\/\/www.linkedin.com\/company\/ramirez-healthy-eating\/\"]}]}<\/script>\n<meta property=\"product:price:amount\" content=\"17.46\" \/>\n<meta property=\"product:price:currency\" content=\"EUR\" \/>\n<meta property=\"og:availability\" content=\"instock\" \/>\n<meta property=\"product:availability\" content=\"instock\" \/>\n<meta property=\"product:retailer_item_id\" content=\"P2RAL132008-5\" \/>\n<meta property=\"product:condition\" content=\"new\" \/>\n<!-- \/ Yoast SEO Premium plugin. -->","yoast_head_json":{"title":"Salm\u00e3o em azeite - Ramirez Conservas | A mais antiga f\u00e1brica de conservas","robots":{"index":"index","follow":"follow","max-snippet":"max-snippet:-1","max-image-preview":"max-image-preview:large","max-video-preview":"max-video-preview:-1"},"canonical":"https:\/\/ramirez.pt\/novo\/produto\/salmao-em-azeite\/","og_locale":"pt_PT","og_type":"article","og_title":"Salm\u00e3o em azeite","og_description":"Com um sabor \u00fanico e delicado, que o diferencia de todos os outros peixes gordos, o salm\u00e3o \u00e9 consensual na gastronomia mundial. Em conserva e temperado em azeite, um \u00f3leo vegetal natural com reconhecidos benef\u00edcios para a sa\u00fade, o salm\u00e3o refor\u00e7a os seus naturais contributos para a boa sa\u00fade cardiovascular, no fortalecimento do c\u00e9rebro e na redu\u00e7\u00e3o da inflama\u00e7\u00e3o. Tamb\u00e9m facilita o emagrecimento e retarda o envelhecimento da pele.","og_url":"https:\/\/ramirez.pt\/novo\/produto\/salmao-em-azeite\/","og_site_name":"Ramirez Conservas | A mais antiga f\u00e1brica de conservas","article_publisher":"https:\/\/www.facebook.com\/ramirez1853\/","article_modified_time":"2025-10-06T10:27:13+00:00","og_image":[{"width":800,"height":800,"url":"https:\/\/ramirez.pt\/novo\/wp-content\/uploads\/2023\/09\/ramirez-salmao-azeite.webp","type":"image\/webp"}],"twitter_card":"summary_large_image","twitter_misc":{"pre\u00e7o":"17,46&nbsp;&euro;","Disponibilidade":"Em stock"},"schema":{"@context":"https:\/\/schema.org","@graph":[{"@type":"WebPage","@id":"https:\/\/ramirez.pt\/novo\/produto\/salmao-em-azeite\/","url":"https:\/\/ramirez.pt\/novo\/produto\/salmao-em-azeite\/","name":"Salm\u00e3o em azeite - Ramirez Conservas | A mais antiga f\u00e1brica de conservas","isPartOf":{"@id":"https:\/\/ramirez.pt\/novo\/#website"},"primaryImageOfPage":{"@id":"https:\/\/ramirez.pt\/novo\/produto\/salmao-em-azeite\/#primaryimage"},"image":{"@id":"https:\/\/ramirez.pt\/novo\/produto\/salmao-em-azeite\/#primaryimage"},"thumbnailUrl":"https:\/\/ramirez.pt\/novo\/wp-content\/uploads\/2023\/09\/ramirez-salmao-azeite.webp","datePublished":"2023-09-22T11:34:34+00:00","dateModified":"2025-10-06T10:27:13+00:00","breadcrumb":{"@id":"https:\/\/ramirez.pt\/novo\/produto\/salmao-em-azeite\/#breadcrumb"},"inLanguage":"pt-PT","potentialAction":[{"@type":"ReadAction","target":["https:\/\/ramirez.pt\/novo\/produto\/salmao-em-azeite\/"]}]},{"@type":"ImageObject","inLanguage":"pt-PT","@id":"https:\/\/ramirez.pt\/novo\/produto\/salmao-em-azeite\/#primaryimage","url":"https:\/\/ramirez.pt\/novo\/wp-content\/uploads\/2023\/09\/ramirez-salmao-azeite.webp","contentUrl":"https:\/\/ramirez.pt\/novo\/wp-content\/uploads\/2023\/09\/ramirez-salmao-azeite.webp","width":800,"height":800,"caption":"Salm\u00e3o em azeite Ramirez"},{"@type":"BreadcrumbList","@id":"https:\/\/ramirez.pt\/novo\/produto\/salmao-em-azeite\/#breadcrumb","itemListElement":[{"@type":"ListItem","position":1,"name":"In\u00edcio","item":"https:\/\/ramirez.pt\/novo\/"},{"@type":"ListItem","position":2,"name":"Loja Online","item":"https:\/\/ramirez.pt\/novo\/loja-online\/"},{"@type":"ListItem","position":3,"name":"Salm\u00e3o em azeite"}]},{"@type":"WebSite","@id":"https:\/\/ramirez.pt\/novo\/#website","url":"https:\/\/ramirez.pt\/novo\/","name":"Ramirez Conservas | A mais antiga f\u00e1brica de conservas","description":"A mais antiga f\u00e1brica de conservas","publisher":{"@id":"https:\/\/ramirez.pt\/novo\/#organization"},"potentialAction":[{"@type":"SearchAction","target":{"@type":"EntryPoint","urlTemplate":"https:\/\/ramirez.pt\/novo\/?s={search_term_string}"},"query-input":{"@type":"PropertyValueSpecification","valueRequired":true,"valueName":"search_term_string"}}],"inLanguage":"pt-PT"},{"@type":"Organization","@id":"https:\/\/ramirez.pt\/novo\/#organization","name":"Ramirez Conservas | A mais antiga f\u00e1brica de conservas","url":"https:\/\/ramirez.pt\/novo\/","logo":{"@type":"ImageObject","inLanguage":"pt-PT","@id":"https:\/\/ramirez.pt\/novo\/#\/schema\/logo\/image\/","url":"https:\/\/ramirez.pt\/wp-content\/uploads\/2023\/06\/Logo-Ramirez-Geral-1.jpg","contentUrl":"https:\/\/ramirez.pt\/wp-content\/uploads\/2023\/06\/Logo-Ramirez-Geral-1.jpg","width":250,"height":254,"caption":"Ramirez Conservas | A mais antiga f\u00e1brica de conservas"},"image":{"@id":"https:\/\/ramirez.pt\/novo\/#\/schema\/logo\/image\/"},"sameAs":["https:\/\/www.facebook.com\/ramirez1853\/","https:\/\/www.instagram.com\/conservasramirez\/?hl=pt","https:\/\/www.linkedin.com\/company\/ramirez-healthy-eating\/"]}]},"product_price_amount":"17.46","product_price_currency":"EUR","og_availability":"instock","product_availability":"instock","product_retailer_item_id":"P2RAL132008-5","product_condition":"new"},"_links":{"self":[{"href":"https:\/\/ramirez.pt\/novo\/wp-json\/wp\/v2\/product\/23214","targetHints":{"allow":["GET"]}}],"collection":[{"href":"https:\/\/ramirez.pt\/novo\/wp-json\/wp\/v2\/product"}],"about":[{"href":"https:\/\/ramirez.pt\/novo\/wp-json\/wp\/v2\/types\/product"}],"replies":[{"embeddable":true,"href":"https:\/\/ramirez.pt\/novo\/wp-json\/wp\/v2\/comments?post=23214"}],"wp:featuredmedia":[{"embeddable":true,"href":"https:\/\/ramirez.pt\/novo\/wp-json\/wp\/v2\/media\/23215"}],"wp:attachment":[{"href":"https:\/\/ramirez.pt\/novo\/wp-json\/wp\/v2\/media?parent=23214"}],"wp:term":[{"taxonomy":"product_cat","embeddable":true,"href":"https:\/\/ramirez.pt\/novo\/wp-json\/wp\/v2\/product_cat?post=23214"},{"taxonomy":"product_tag","embeddable":true,"href":"https:\/\/ramirez.pt\/novo\/wp-json\/wp\/v2\/product_tag?post=23214"}],"curies":[{"name":"wp","href":"https:\/\/api.w.org\/{rel}","templated":true}]}}