{"id":19109,"date":"2020-04-29T10:55:51","date_gmt":"2020-04-29T10:55:51","guid":{"rendered":"https:\/\/ramirez.pt\/produto\/salada-atum-feijao-vermelho-milho-doce\/"},"modified":"2025-08-30T19:13:21","modified_gmt":"2025-08-30T19:13:21","slug":"salada-atum-feijao-vermelho-milho-doce","status":"publish","type":"product","link":"https:\/\/ramirez.pt\/novo\/produto\/salada-atum-feijao-vermelho-milho-doce\/","title":{"rendered":"Salada de Atum com Feij\u00e3o Vermelho e Milho Doce"},"content":{"rendered":"","protected":false},"excerpt":{"rendered":"<p>Esta salada re\u00fane o peixe, as leguminosas e os cereais numa s\u00f3 lata. Adorada pelas crian\u00e7as e pass\u00edvel de ser servida ao natural ou ap\u00f3s um per\u00edodo no frio, esta refei\u00e7\u00e3o pronta, rica em fibra, configura uma \u00f3ptima alternativa em momentos de menor disponibilidade para cozinhar ou quando se pretende um prato mais ligeiro.<\/p>\n","protected":false},"featured_media":19002,"comment_status":"open","ping_status":"closed","template":"","meta":{"_acf_changed":false,"_mi_skip_tracking":false},"product_cat":[527,529],"product_tag":[],"class_list":["post-19109","product","type-product","status-publish","has-post-thumbnail","hentry","product_cat-atum","product_cat-atum-com-vegetais","pa_marcas-the-queen-of-the-coast"],"acf":[],"yoast_head":"<!-- This site is optimized with the Yoast SEO Premium plugin v23.3 (Yoast SEO v23.7) - https:\/\/yoast.com\/wordpress\/plugins\/seo\/ -->\n<title>Salada de Atum com Feij\u00e3o Vermelho e Milho Doce - Ramirez Conservas | A mais antiga f\u00e1brica de conservas<\/title>\n<meta name=\"robots\" content=\"index, follow, max-snippet:-1, max-image-preview:large, max-video-preview:-1\" \/>\n<link rel=\"canonical\" href=\"https:\/\/ramirez.pt\/novo\/produto\/salada-atum-feijao-vermelho-milho-doce\/\" \/>\n<meta property=\"og:locale\" content=\"pt_PT\" \/>\n<meta property=\"og:type\" content=\"article\" \/>\n<meta property=\"og:title\" content=\"Salada de Atum com Feij\u00e3o Vermelho e Milho Doce\" \/>\n<meta property=\"og:description\" content=\"Esta salada re\u00fane o peixe, as leguminosas e os cereais numa s\u00f3 lata. Adorada pelas crian\u00e7as e pass\u00edvel de ser servida ao natural ou ap\u00f3s um per\u00edodo no frio, esta refei\u00e7\u00e3o pronta, rica em fibra, configura uma \u00f3ptima alternativa em momentos de menor disponibilidade para cozinhar ou quando se pretende um prato mais ligeiro.\" \/>\n<meta property=\"og:url\" content=\"https:\/\/ramirez.pt\/novo\/produto\/salada-atum-feijao-vermelho-milho-doce\/\" \/>\n<meta property=\"og:site_name\" content=\"Ramirez Conservas | A mais antiga f\u00e1brica de conservas\" \/>\n<meta property=\"article:publisher\" content=\"https:\/\/www.facebook.com\/ramirez1853\/\" \/>\n<meta property=\"article:modified_time\" content=\"2025-08-30T19:13:21+00:00\" \/>\n<meta property=\"og:image\" content=\"https:\/\/ramirez.pt\/novo\/wp-content\/uploads\/2023\/03\/P2QUE066205-5.jpg\" \/>\n\t<meta property=\"og:image:width\" content=\"800\" \/>\n\t<meta property=\"og:image:height\" content=\"800\" \/>\n\t<meta property=\"og:image:type\" content=\"image\/jpeg\" \/>\n<meta name=\"twitter:card\" content=\"summary_large_image\" \/>\n<meta name=\"twitter:label1\" content=\"pre\u00e7o\" \/>\n\t<meta name=\"twitter:data1\" content=\"6,16&nbsp;&euro;\" \/>\n\t<meta name=\"twitter:label2\" content=\"Disponibilidade\" \/>\n\t<meta name=\"twitter:data2\" content=\"Em stock\" \/>\n<script type=\"application\/ld+json\" class=\"yoast-schema-graph\">{\"@context\":\"https:\/\/schema.org\",\"@graph\":[{\"@type\":\"WebPage\",\"@id\":\"https:\/\/ramirez.pt\/novo\/produto\/salada-atum-feijao-vermelho-milho-doce\/\",\"url\":\"https:\/\/ramirez.pt\/novo\/produto\/salada-atum-feijao-vermelho-milho-doce\/\",\"name\":\"Salada de Atum com Feij\u00e3o Vermelho e Milho Doce - Ramirez Conservas | A mais antiga f\u00e1brica de conservas\",\"isPartOf\":{\"@id\":\"https:\/\/ramirez.pt\/novo\/#website\"},\"primaryImageOfPage\":{\"@id\":\"https:\/\/ramirez.pt\/novo\/produto\/salada-atum-feijao-vermelho-milho-doce\/#primaryimage\"},\"image\":{\"@id\":\"https:\/\/ramirez.pt\/novo\/produto\/salada-atum-feijao-vermelho-milho-doce\/#primaryimage\"},\"thumbnailUrl\":\"https:\/\/ramirez.pt\/novo\/wp-content\/uploads\/2023\/03\/P2QUE066205-5.jpg\",\"datePublished\":\"2020-04-29T10:55:51+00:00\",\"dateModified\":\"2025-08-30T19:13:21+00:00\",\"breadcrumb\":{\"@id\":\"https:\/\/ramirez.pt\/novo\/produto\/salada-atum-feijao-vermelho-milho-doce\/#breadcrumb\"},\"inLanguage\":\"pt-PT\",\"potentialAction\":[{\"@type\":\"ReadAction\",\"target\":[\"https:\/\/ramirez.pt\/novo\/produto\/salada-atum-feijao-vermelho-milho-doce\/\"]}]},{\"@type\":\"ImageObject\",\"inLanguage\":\"pt-PT\",\"@id\":\"https:\/\/ramirez.pt\/novo\/produto\/salada-atum-feijao-vermelho-milho-doce\/#primaryimage\",\"url\":\"https:\/\/ramirez.pt\/novo\/wp-content\/uploads\/2023\/03\/P2QUE066205-5.jpg\",\"contentUrl\":\"https:\/\/ramirez.pt\/novo\/wp-content\/uploads\/2023\/03\/P2QUE066205-5.jpg\",\"width\":800,\"height\":800},{\"@type\":\"BreadcrumbList\",\"@id\":\"https:\/\/ramirez.pt\/novo\/produto\/salada-atum-feijao-vermelho-milho-doce\/#breadcrumb\",\"itemListElement\":[{\"@type\":\"ListItem\",\"position\":1,\"name\":\"In\u00edcio\",\"item\":\"https:\/\/ramirez.pt\/novo\/\"},{\"@type\":\"ListItem\",\"position\":2,\"name\":\"Loja Online\",\"item\":\"https:\/\/ramirez.pt\/novo\/loja-online\/\"},{\"@type\":\"ListItem\",\"position\":3,\"name\":\"Salada de Atum com Feij\u00e3o Vermelho e Milho Doce\"}]},{\"@type\":\"WebSite\",\"@id\":\"https:\/\/ramirez.pt\/novo\/#website\",\"url\":\"https:\/\/ramirez.pt\/novo\/\",\"name\":\"Ramirez Conservas | A mais antiga f\u00e1brica de conservas\",\"description\":\"A mais antiga f\u00e1brica de conservas\",\"publisher\":{\"@id\":\"https:\/\/ramirez.pt\/novo\/#organization\"},\"potentialAction\":[{\"@type\":\"SearchAction\",\"target\":{\"@type\":\"EntryPoint\",\"urlTemplate\":\"https:\/\/ramirez.pt\/novo\/?s={search_term_string}\"},\"query-input\":{\"@type\":\"PropertyValueSpecification\",\"valueRequired\":true,\"valueName\":\"search_term_string\"}}],\"inLanguage\":\"pt-PT\"},{\"@type\":\"Organization\",\"@id\":\"https:\/\/ramirez.pt\/novo\/#organization\",\"name\":\"Ramirez Conservas | A mais antiga f\u00e1brica de conservas\",\"url\":\"https:\/\/ramirez.pt\/novo\/\",\"logo\":{\"@type\":\"ImageObject\",\"inLanguage\":\"pt-PT\",\"@id\":\"https:\/\/ramirez.pt\/novo\/#\/schema\/logo\/image\/\",\"url\":\"https:\/\/ramirez.pt\/wp-content\/uploads\/2023\/06\/Logo-Ramirez-Geral-1.jpg\",\"contentUrl\":\"https:\/\/ramirez.pt\/wp-content\/uploads\/2023\/06\/Logo-Ramirez-Geral-1.jpg\",\"width\":250,\"height\":254,\"caption\":\"Ramirez Conservas | A mais antiga f\u00e1brica de conservas\"},\"image\":{\"@id\":\"https:\/\/ramirez.pt\/novo\/#\/schema\/logo\/image\/\"},\"sameAs\":[\"https:\/\/www.facebook.com\/ramirez1853\/\",\"https:\/\/www.instagram.com\/conservasramirez\/?hl=pt\",\"https:\/\/www.linkedin.com\/company\/ramirez-healthy-eating\/\"]}]}<\/script>\n<meta property=\"product:price:amount\" content=\"6.16\" \/>\n<meta property=\"product:price:currency\" content=\"EUR\" \/>\n<meta property=\"og:availability\" content=\"instock\" \/>\n<meta property=\"product:availability\" content=\"instock\" \/>\n<meta property=\"product:retailer_item_id\" content=\"P2QUE066205-5\" \/>\n<meta property=\"product:condition\" content=\"new\" \/>\n<!-- \/ Yoast SEO Premium plugin. -->","yoast_head_json":{"title":"Salada de Atum com Feij\u00e3o Vermelho e Milho Doce - Ramirez Conservas | A mais antiga f\u00e1brica de conservas","robots":{"index":"index","follow":"follow","max-snippet":"max-snippet:-1","max-image-preview":"max-image-preview:large","max-video-preview":"max-video-preview:-1"},"canonical":"https:\/\/ramirez.pt\/novo\/produto\/salada-atum-feijao-vermelho-milho-doce\/","og_locale":"pt_PT","og_type":"article","og_title":"Salada de Atum com Feij\u00e3o Vermelho e Milho Doce","og_description":"Esta salada re\u00fane o peixe, as leguminosas e os cereais numa s\u00f3 lata. Adorada pelas crian\u00e7as e pass\u00edvel de ser servida ao natural ou ap\u00f3s um per\u00edodo no frio, esta refei\u00e7\u00e3o pronta, rica em fibra, configura uma \u00f3ptima alternativa em momentos de menor disponibilidade para cozinhar ou quando se pretende um prato mais ligeiro.","og_url":"https:\/\/ramirez.pt\/novo\/produto\/salada-atum-feijao-vermelho-milho-doce\/","og_site_name":"Ramirez Conservas | A mais antiga f\u00e1brica de conservas","article_publisher":"https:\/\/www.facebook.com\/ramirez1853\/","article_modified_time":"2025-08-30T19:13:21+00:00","og_image":[{"width":800,"height":800,"url":"https:\/\/ramirez.pt\/novo\/wp-content\/uploads\/2023\/03\/P2QUE066205-5.jpg","type":"image\/jpeg"}],"twitter_card":"summary_large_image","twitter_misc":{"pre\u00e7o":"6,16&nbsp;&euro;","Disponibilidade":"Em stock"},"schema":{"@context":"https:\/\/schema.org","@graph":[{"@type":"WebPage","@id":"https:\/\/ramirez.pt\/novo\/produto\/salada-atum-feijao-vermelho-milho-doce\/","url":"https:\/\/ramirez.pt\/novo\/produto\/salada-atum-feijao-vermelho-milho-doce\/","name":"Salada de Atum com Feij\u00e3o Vermelho e Milho Doce - Ramirez Conservas | A mais antiga f\u00e1brica de conservas","isPartOf":{"@id":"https:\/\/ramirez.pt\/novo\/#website"},"primaryImageOfPage":{"@id":"https:\/\/ramirez.pt\/novo\/produto\/salada-atum-feijao-vermelho-milho-doce\/#primaryimage"},"image":{"@id":"https:\/\/ramirez.pt\/novo\/produto\/salada-atum-feijao-vermelho-milho-doce\/#primaryimage"},"thumbnailUrl":"https:\/\/ramirez.pt\/novo\/wp-content\/uploads\/2023\/03\/P2QUE066205-5.jpg","datePublished":"2020-04-29T10:55:51+00:00","dateModified":"2025-08-30T19:13:21+00:00","breadcrumb":{"@id":"https:\/\/ramirez.pt\/novo\/produto\/salada-atum-feijao-vermelho-milho-doce\/#breadcrumb"},"inLanguage":"pt-PT","potentialAction":[{"@type":"ReadAction","target":["https:\/\/ramirez.pt\/novo\/produto\/salada-atum-feijao-vermelho-milho-doce\/"]}]},{"@type":"ImageObject","inLanguage":"pt-PT","@id":"https:\/\/ramirez.pt\/novo\/produto\/salada-atum-feijao-vermelho-milho-doce\/#primaryimage","url":"https:\/\/ramirez.pt\/novo\/wp-content\/uploads\/2023\/03\/P2QUE066205-5.jpg","contentUrl":"https:\/\/ramirez.pt\/novo\/wp-content\/uploads\/2023\/03\/P2QUE066205-5.jpg","width":800,"height":800},{"@type":"BreadcrumbList","@id":"https:\/\/ramirez.pt\/novo\/produto\/salada-atum-feijao-vermelho-milho-doce\/#breadcrumb","itemListElement":[{"@type":"ListItem","position":1,"name":"In\u00edcio","item":"https:\/\/ramirez.pt\/novo\/"},{"@type":"ListItem","position":2,"name":"Loja Online","item":"https:\/\/ramirez.pt\/novo\/loja-online\/"},{"@type":"ListItem","position":3,"name":"Salada de Atum com Feij\u00e3o Vermelho e Milho Doce"}]},{"@type":"WebSite","@id":"https:\/\/ramirez.pt\/novo\/#website","url":"https:\/\/ramirez.pt\/novo\/","name":"Ramirez Conservas | A mais antiga f\u00e1brica de conservas","description":"A mais antiga f\u00e1brica de conservas","publisher":{"@id":"https:\/\/ramirez.pt\/novo\/#organization"},"potentialAction":[{"@type":"SearchAction","target":{"@type":"EntryPoint","urlTemplate":"https:\/\/ramirez.pt\/novo\/?s={search_term_string}"},"query-input":{"@type":"PropertyValueSpecification","valueRequired":true,"valueName":"search_term_string"}}],"inLanguage":"pt-PT"},{"@type":"Organization","@id":"https:\/\/ramirez.pt\/novo\/#organization","name":"Ramirez Conservas | A mais antiga f\u00e1brica de conservas","url":"https:\/\/ramirez.pt\/novo\/","logo":{"@type":"ImageObject","inLanguage":"pt-PT","@id":"https:\/\/ramirez.pt\/novo\/#\/schema\/logo\/image\/","url":"https:\/\/ramirez.pt\/wp-content\/uploads\/2023\/06\/Logo-Ramirez-Geral-1.jpg","contentUrl":"https:\/\/ramirez.pt\/wp-content\/uploads\/2023\/06\/Logo-Ramirez-Geral-1.jpg","width":250,"height":254,"caption":"Ramirez Conservas | A mais antiga f\u00e1brica de conservas"},"image":{"@id":"https:\/\/ramirez.pt\/novo\/#\/schema\/logo\/image\/"},"sameAs":["https:\/\/www.facebook.com\/ramirez1853\/","https:\/\/www.instagram.com\/conservasramirez\/?hl=pt","https:\/\/www.linkedin.com\/company\/ramirez-healthy-eating\/"]}]},"product_price_amount":"6.16","product_price_currency":"EUR","og_availability":"instock","product_availability":"instock","product_retailer_item_id":"P2QUE066205-5","product_condition":"new"},"_links":{"self":[{"href":"https:\/\/ramirez.pt\/novo\/wp-json\/wp\/v2\/product\/19109","targetHints":{"allow":["GET"]}}],"collection":[{"href":"https:\/\/ramirez.pt\/novo\/wp-json\/wp\/v2\/product"}],"about":[{"href":"https:\/\/ramirez.pt\/novo\/wp-json\/wp\/v2\/types\/product"}],"replies":[{"embeddable":true,"href":"https:\/\/ramirez.pt\/novo\/wp-json\/wp\/v2\/comments?post=19109"}],"wp:featuredmedia":[{"embeddable":true,"href":"https:\/\/ramirez.pt\/novo\/wp-json\/wp\/v2\/media\/19002"}],"wp:attachment":[{"href":"https:\/\/ramirez.pt\/novo\/wp-json\/wp\/v2\/media?parent=19109"}],"wp:term":[{"taxonomy":"product_cat","embeddable":true,"href":"https:\/\/ramirez.pt\/novo\/wp-json\/wp\/v2\/product_cat?post=19109"},{"taxonomy":"product_tag","embeddable":true,"href":"https:\/\/ramirez.pt\/novo\/wp-json\/wp\/v2\/product_tag?post=19109"}],"curies":[{"name":"wp","href":"https:\/\/api.w.org\/{rel}","templated":true}]}}